{"id":296,"date":"2016-11-22T09:18:20","date_gmt":"2016-11-22T09:18:20","guid":{"rendered":"http:\/\/www.vinyasdempremta.cat\/es\/?page_id=296"},"modified":"2020-12-05T09:00:52","modified_gmt":"2020-12-05T09:00:52","slug":"el-territorio","status":"publish","type":"page","link":"https:\/\/www.vinyasdempremta.cat\/es\/el-territorio\/","title":{"rendered":"El territorio"},"content":{"rendered":"<div  style='padding-bottom:10px; ' class='av-special-heading av-special-heading-h1  blockquote modern-quote  avia-builder-el-0  el_before_av_hr  avia-builder-el-first  '><h1 class='av-special-heading-tag '  itemprop=\"headline\"  >El territorio<\/h1><div class='special-heading-border'><div class='special-heading-inner-border' ><\/div><\/div><\/div>\n<div  style='height:40px' class='hr hr-invisible   avia-builder-el-1  el_after_av_heading  el_before_av_one_full '><span class='hr-inner ' ><span class='hr-inner-style'><\/span><\/span><\/div>\n<div class=\"flex_column av_one_full  flex_column_div av-zero-column-padding first  avia-builder-el-2  el_after_av_hr  el_before_av_one_fourth  \" style='border-radius:0px; '><p><div  style='padding-bottom:10px; font-size:30px;' class='av-special-heading av-special-heading-h3  blockquote modern-quote  avia-builder-el-3  el_before_av_textblock  avia-builder-el-first  av-inherit-size '><h3 class='av-special-heading-tag '  itemprop=\"headline\"  >\u00bfD\u00f3nde estamos?<\/h3><div class='special-heading-border'><div class='special-heading-inner-border' ><\/div><\/div><\/div><br \/>\n<section class=\"av_textblock_section \"  itemscope=\"itemscope\" itemtype=\"https:\/\/schema.org\/CreativeWork\" ><div class='avia_textblock  '   itemprop=\"text\" ><p>Nav\u00e0s es un municipio situado en la parte norte del Bages, en la frontera con la comarca del Bergued\u00e1, formado geol\u00f3gicamente durante la \u00e9poca del Terciario. Es una zona de orograf\u00eda semimonta\u00f1osa, de rocas detr\u00edticas y base de areniscas y lulitas que originan suelos arenosos. Es una <strong>tierra de contrastes<\/strong>, de clima violento y suelos poco profundos, rasgos que marcan un paisaje especial que se llama \u201c<strong>Replans del Bergued\u00e0<\/strong>\u201d.<\/p>\n<blockquote>\n<p>Nuestros antepasados modelaron este territorio, apto para el cultivo de vi\u00f1a, y dejaron una huella hist\u00f3rica grandiosa: terrazas de piedra seca, barracas\/caba\u00f1as, lagares y prensas esculpidas en las rocas, entre otros. Queremos mantener y recuperar este paisaje singular.<\/p>\n<\/blockquote>\n<\/div><\/section><\/p><\/div>\n<div class=\"flex_column av_one_fourth  flex_column_div av-zero-column-padding first  avia-builder-el-5  el_after_av_one_full  el_before_av_one_fourth  column-top-margin\" style='border-radius:0px; '><div  class='avia-image-container  av-styling-    avia-builder-el-6  avia-builder-el-no-sibling  avia-align-center '  itemprop=\"image\" itemscope=\"itemscope\" itemtype=\"https:\/\/schema.org\/ImageObject\"  ><div class='avia-image-container-inner'><div class='avia-image-overlay-wrap'><a href='https:\/\/www.vinyasdempremta.cat\/wp-content\/uploads\/2016\/02\/tina-can-reixes-1030x687.jpg' class='avia_image'  ><img loading=\"lazy\" decoding=\"async\" width=\"300\" height=\"200\" class='wp-image-239 avia_image' src=\"https:\/\/www.vinyasdempremta.cat\/wp-content\/uploads\/2016\/02\/tina-can-reixes-300x200.jpg\" alt='' title='tina-can-reixes'  itemprop=\"thumbnailUrl\" srcset=\"https:\/\/www.vinyasdempremta.cat\/wp-content\/uploads\/2016\/02\/tina-can-reixes-300x200.jpg 300w, https:\/\/www.vinyasdempremta.cat\/wp-content\/uploads\/2016\/02\/tina-can-reixes-768x512.jpg 768w, https:\/\/www.vinyasdempremta.cat\/wp-content\/uploads\/2016\/02\/tina-can-reixes-1030x687.jpg 1030w, https:\/\/www.vinyasdempremta.cat\/wp-content\/uploads\/2016\/02\/tina-can-reixes-705x470.jpg 705w, https:\/\/www.vinyasdempremta.cat\/wp-content\/uploads\/2016\/02\/tina-can-reixes-450x300.jpg 450w, https:\/\/www.vinyasdempremta.cat\/wp-content\/uploads\/2016\/02\/tina-can-reixes.jpg 1300w\" sizes=\"auto, (max-width: 300px) 100vw, 300px\" \/><\/a><\/div><\/div><\/div><\/div>\n<div class=\"flex_column av_one_fourth  flex_column_div av-zero-column-padding   avia-builder-el-7  el_after_av_one_fourth  el_before_av_one_fourth  column-top-margin\" style='border-radius:0px; '><div  class='avia-image-container  av-styling-    avia-builder-el-8  avia-builder-el-no-sibling  avia-align-center '  itemprop=\"image\" itemscope=\"itemscope\" itemtype=\"https:\/\/schema.org\/ImageObject\"  ><div class='avia-image-container-inner'><div class='avia-image-overlay-wrap'><a href='https:\/\/www.vinyasdempremta.cat\/wp-content\/uploads\/2016\/02\/tina-navas-1-1030x687.jpg' class='avia_image'  ><img loading=\"lazy\" decoding=\"async\" width=\"300\" height=\"200\" class='wp-image-241 avia_image' src=\"https:\/\/www.vinyasdempremta.cat\/wp-content\/uploads\/2016\/02\/tina-navas-1-300x200.jpg\" alt='' title='tina-navas-1'  itemprop=\"thumbnailUrl\" srcset=\"https:\/\/www.vinyasdempremta.cat\/wp-content\/uploads\/2016\/02\/tina-navas-1-300x200.jpg 300w, https:\/\/www.vinyasdempremta.cat\/wp-content\/uploads\/2016\/02\/tina-navas-1-768x512.jpg 768w, https:\/\/www.vinyasdempremta.cat\/wp-content\/uploads\/2016\/02\/tina-navas-1-1030x687.jpg 1030w, https:\/\/www.vinyasdempremta.cat\/wp-content\/uploads\/2016\/02\/tina-navas-1-705x470.jpg 705w, https:\/\/www.vinyasdempremta.cat\/wp-content\/uploads\/2016\/02\/tina-navas-1-450x300.jpg 450w, https:\/\/www.vinyasdempremta.cat\/wp-content\/uploads\/2016\/02\/tina-navas-1.jpg 1300w\" sizes=\"auto, (max-width: 300px) 100vw, 300px\" \/><\/a><\/div><\/div><\/div><\/div>\n<div class=\"flex_column av_one_fourth  flex_column_div av-zero-column-padding   avia-builder-el-9  el_after_av_one_fourth  el_before_av_one_full  column-top-margin\" style='border-radius:0px; '><div  class='avia-image-container  av-styling-    avia-builder-el-10  avia-builder-el-no-sibling  avia-align-center '  itemprop=\"image\" itemscope=\"itemscope\" itemtype=\"https:\/\/schema.org\/ImageObject\"  ><div class='avia-image-container-inner'><div class='avia-image-overlay-wrap'><a href='https:\/\/www.vinyasdempremta.cat\/wp-content\/uploads\/2016\/02\/premsa-de-sant-genis-1030x687.jpg' class='avia_image'  ><img loading=\"lazy\" decoding=\"async\" width=\"300\" height=\"200\" class='wp-image-278 avia_image' src=\"https:\/\/www.vinyasdempremta.cat\/wp-content\/uploads\/2016\/02\/premsa-de-sant-genis-300x200.jpg\" alt='' title='premsa-de-sant-genis'  itemprop=\"thumbnailUrl\" srcset=\"https:\/\/www.vinyasdempremta.cat\/wp-content\/uploads\/2016\/02\/premsa-de-sant-genis-300x200.jpg 300w, https:\/\/www.vinyasdempremta.cat\/wp-content\/uploads\/2016\/02\/premsa-de-sant-genis-768x512.jpg 768w, https:\/\/www.vinyasdempremta.cat\/wp-content\/uploads\/2016\/02\/premsa-de-sant-genis-1030x687.jpg 1030w, https:\/\/www.vinyasdempremta.cat\/wp-content\/uploads\/2016\/02\/premsa-de-sant-genis-705x470.jpg 705w, https:\/\/www.vinyasdempremta.cat\/wp-content\/uploads\/2016\/02\/premsa-de-sant-genis-450x300.jpg 450w, https:\/\/www.vinyasdempremta.cat\/wp-content\/uploads\/2016\/02\/premsa-de-sant-genis.jpg 1300w\" sizes=\"auto, (max-width: 300px) 100vw, 300px\" \/><\/a><\/div><\/div><\/div><\/div>\n<div class=\"flex_column av_one_full  flex_column_div av-zero-column-padding first  avia-builder-el-11  el_after_av_one_fourth  el_before_av_one_fourth  column-top-margin\" style='border-radius:0px; '><p><div  style='padding-bottom:10px; font-size:30px;' class='av-special-heading av-special-heading-h3  blockquote modern-quote  avia-builder-el-12  el_before_av_textblock  avia-builder-el-first  av-inherit-size '><h3 class='av-special-heading-tag '  itemprop=\"headline\"  >Los Vi\u00f1edos<\/h3><div class='special-heading-border'><div class='special-heading-inner-border' ><\/div><\/div><\/div><br \/>\n<section class=\"av_textblock_section \"  itemscope=\"itemscope\" itemtype=\"https:\/\/schema.org\/CreativeWork\" ><div class='avia_textblock  '   itemprop=\"text\" ><p>Los vi\u00f1edos est\u00e1n situados en diferentes espacios de los costeros de Vilafresca, repartidos en multitudes de terrazas. Son vi\u00f1edos de peque\u00f1a extensi\u00f3n, de orientaciones diferentes y morfol\u00f3gicamente muy diversos, por esa raz\u00f3n requieren un trabajo individualizado.<\/p>\n<p style=\"text-align: left;\">Una parte de los vi\u00f1edos son centenarios, plantados a principios del siglo XX; otros vi\u00f1edos son recuperados y algunos otros han estado plantados recientemente. La mayor\u00eda de ellos tienen variedades aut\u00f3ctonas consecuencia de la selecci\u00f3n natural que dejaron nuestros antepasados y por ello consideramos oportuno preservarlas.<\/p>\n<\/div><\/section><\/p><\/div>\n<div class=\"flex_column av_one_fourth  flex_column_div av-zero-column-padding first  avia-builder-el-14  el_after_av_one_full  el_before_av_one_fourth  column-top-margin\" style='border-radius:0px; '><div  class='avia-image-container  av-styling-    avia-builder-el-15  avia-builder-el-no-sibling  avia-align-center '  itemprop=\"image\" itemscope=\"itemscope\" itemtype=\"https:\/\/schema.org\/ImageObject\"  ><div class='avia-image-container-inner'><div class='avia-image-overlay-wrap'><a href='https:\/\/www.vinyasdempremta.cat\/wp-content\/uploads\/2016\/02\/vinya-del-grapal-1030x687.jpg' class='avia_image'  ><img loading=\"lazy\" decoding=\"async\" width=\"300\" height=\"200\" class='wp-image-276 avia_image' src=\"https:\/\/www.vinyasdempremta.cat\/wp-content\/uploads\/2016\/02\/vinya-del-grapal-300x200.jpg\" alt='' title='vinya-del-grapal'  itemprop=\"thumbnailUrl\" srcset=\"https:\/\/www.vinyasdempremta.cat\/wp-content\/uploads\/2016\/02\/vinya-del-grapal-300x200.jpg 300w, https:\/\/www.vinyasdempremta.cat\/wp-content\/uploads\/2016\/02\/vinya-del-grapal-768x512.jpg 768w, https:\/\/www.vinyasdempremta.cat\/wp-content\/uploads\/2016\/02\/vinya-del-grapal-1030x687.jpg 1030w, https:\/\/www.vinyasdempremta.cat\/wp-content\/uploads\/2016\/02\/vinya-del-grapal-705x470.jpg 705w, https:\/\/www.vinyasdempremta.cat\/wp-content\/uploads\/2016\/02\/vinya-del-grapal-450x300.jpg 450w, https:\/\/www.vinyasdempremta.cat\/wp-content\/uploads\/2016\/02\/vinya-del-grapal.jpg 1300w\" sizes=\"auto, (max-width: 300px) 100vw, 300px\" \/><\/a><\/div><\/div><\/div><\/div>\n<div class=\"flex_column av_one_fourth  flex_column_div av-zero-column-padding   avia-builder-el-16  el_after_av_one_fourth  el_before_av_one_fourth  column-top-margin\" style='border-radius:0px; '><div  class='avia-image-container  av-styling-    avia-builder-el-17  avia-builder-el-no-sibling  avia-align-center '  itemprop=\"image\" itemscope=\"itemscope\" itemtype=\"https:\/\/schema.org\/ImageObject\"  ><div class='avia-image-container-inner'><div class='avia-image-overlay-wrap'><a href='https:\/\/www.vinyasdempremta.cat\/wp-content\/uploads\/2016\/02\/Obaga-1030x686.jpg' class='avia_image'  ><img loading=\"lazy\" decoding=\"async\" width=\"300\" height=\"200\" class='wp-image-94 avia_image' src=\"https:\/\/www.vinyasdempremta.cat\/wp-content\/uploads\/2016\/02\/Obaga-300x200.jpg\" alt='' title='Obaga'  itemprop=\"thumbnailUrl\" srcset=\"https:\/\/www.vinyasdempremta.cat\/wp-content\/uploads\/2016\/02\/Obaga-300x200.jpg 300w, https:\/\/www.vinyasdempremta.cat\/wp-content\/uploads\/2016\/02\/Obaga-768x512.jpg 768w, https:\/\/www.vinyasdempremta.cat\/wp-content\/uploads\/2016\/02\/Obaga-1030x686.jpg 1030w, https:\/\/www.vinyasdempremta.cat\/wp-content\/uploads\/2016\/02\/Obaga-705x470.jpg 705w, https:\/\/www.vinyasdempremta.cat\/wp-content\/uploads\/2016\/02\/Obaga-450x300.jpg 450w, https:\/\/www.vinyasdempremta.cat\/wp-content\/uploads\/2016\/02\/Obaga.jpg 1310w\" sizes=\"auto, (max-width: 300px) 100vw, 300px\" \/><\/a><\/div><\/div><\/div><\/div>\n<div class=\"flex_column av_one_fourth  flex_column_div av-zero-column-padding   avia-builder-el-18  el_after_av_one_fourth  el_before_av_one_full  column-top-margin\" style='border-radius:0px; '><div  class='avia-image-container  av-styling-    avia-builder-el-19  avia-builder-el-no-sibling  avia-align-center '  itemprop=\"image\" itemscope=\"itemscope\" itemtype=\"https:\/\/schema.org\/ImageObject\"  ><div class='avia-image-container-inner'><div class='avia-image-overlay-wrap'><a href='https:\/\/www.vinyasdempremta.cat\/wp-content\/uploads\/2016\/02\/Vinya-les-morreres-1030x687.jpg' class='avia_image'  ><img loading=\"lazy\" decoding=\"async\" width=\"300\" height=\"200\" class='wp-image-244 avia_image' src=\"https:\/\/www.vinyasdempremta.cat\/wp-content\/uploads\/2016\/02\/Vinya-les-morreres-300x200.jpg\" alt='' title='Vinya-les-morreres'  itemprop=\"thumbnailUrl\" srcset=\"https:\/\/www.vinyasdempremta.cat\/wp-content\/uploads\/2016\/02\/Vinya-les-morreres-300x200.jpg 300w, https:\/\/www.vinyasdempremta.cat\/wp-content\/uploads\/2016\/02\/Vinya-les-morreres-768x512.jpg 768w, https:\/\/www.vinyasdempremta.cat\/wp-content\/uploads\/2016\/02\/Vinya-les-morreres-1030x687.jpg 1030w, https:\/\/www.vinyasdempremta.cat\/wp-content\/uploads\/2016\/02\/Vinya-les-morreres-705x470.jpg 705w, https:\/\/www.vinyasdempremta.cat\/wp-content\/uploads\/2016\/02\/Vinya-les-morreres-450x300.jpg 450w, https:\/\/www.vinyasdempremta.cat\/wp-content\/uploads\/2016\/02\/Vinya-les-morreres.jpg 1300w\" sizes=\"auto, (max-width: 300px) 100vw, 300px\" \/><\/a><\/div><\/div><\/div><\/div>\n<div class=\"flex_column av_one_full  flex_column_div av-zero-column-padding first  avia-builder-el-20  el_after_av_one_fourth  el_before_av_one_fourth  column-top-margin\" style='border-radius:0px; '><p><div  style='padding-bottom:10px; font-size:30px;' class='av-special-heading av-special-heading-h3  blockquote modern-quote  avia-builder-el-21  el_before_av_textblock  avia-builder-el-first  av-inherit-size '><h3 class='av-special-heading-tag '  itemprop=\"headline\"  >Las variedades<\/h3><div class='special-heading-border'><div class='special-heading-inner-border' ><\/div><\/div><\/div><br \/>\n<section class=\"av_textblock_section \"  itemscope=\"itemscope\" itemtype=\"https:\/\/schema.org\/CreativeWork\" ><div class='avia_textblock  '   itemprop=\"text\" ><p>Con respecto a las variedades de uva blanca, encontramos cepas de Macabeu, Picapoll, Pansera, Turbat, Argensela, Fumat, Pansera Primarenca, Malvasia de Segarra y Pasquina.<\/p>\n<p>De variedades de uva rosada, tenemos la Malvasia Roja.<\/p>\n<p>De variedades de uva tinta, encontramos cepas de Sumoll, Bartrol, Mand\u00f3, Garrut, Garsenc, Cap Negre, Trobat Negre, Refilat, entre otras cepas de Parets, Parraleta y Aram\u00f3.<\/p>\n<p>Algunas de estas variedades no las vinificamos, pero las preservamos para que no desaparezcan.<\/p>\n<\/div><\/section><\/p><\/div>\n<div class=\"flex_column av_one_fourth  flex_column_div av-zero-column-padding first  avia-builder-el-23  el_after_av_one_full  el_before_av_one_fourth  column-top-margin\" style='border-radius:0px; '><div  class='avia-image-container  av-styling-    avia-builder-el-24  avia-builder-el-no-sibling  avia-align-center '  itemprop=\"image\" itemscope=\"itemscope\" itemtype=\"https:\/\/schema.org\/ImageObject\"  ><div class='avia-image-container-inner'><div class='avia-image-overlay-wrap'><a href='https:\/\/www.vinyasdempremta.cat\/wp-content\/uploads\/2016\/12\/Sumoll-1030x687.jpg' class='avia_image'  ><img loading=\"lazy\" decoding=\"async\" width=\"300\" height=\"200\" class='wp-image-338 avia_image' src=\"https:\/\/www.vinyasdempremta.cat\/wp-content\/uploads\/2016\/12\/Sumoll-300x200.jpg\" alt='' title='sumoll'  itemprop=\"thumbnailUrl\" srcset=\"https:\/\/www.vinyasdempremta.cat\/wp-content\/uploads\/2016\/12\/Sumoll-300x200.jpg 300w, https:\/\/www.vinyasdempremta.cat\/wp-content\/uploads\/2016\/12\/Sumoll-768x512.jpg 768w, https:\/\/www.vinyasdempremta.cat\/wp-content\/uploads\/2016\/12\/Sumoll-1030x687.jpg 1030w, https:\/\/www.vinyasdempremta.cat\/wp-content\/uploads\/2016\/12\/Sumoll-705x470.jpg 705w, https:\/\/www.vinyasdempremta.cat\/wp-content\/uploads\/2016\/12\/Sumoll-450x300.jpg 450w, https:\/\/www.vinyasdempremta.cat\/wp-content\/uploads\/2016\/12\/Sumoll.jpg 1300w\" sizes=\"auto, (max-width: 300px) 100vw, 300px\" \/><\/a><\/div><\/div><\/div><\/div>\n<div class=\"flex_column av_one_fourth  flex_column_div av-zero-column-padding   avia-builder-el-25  el_after_av_one_fourth  el_before_av_one_fourth  column-top-margin\" style='border-radius:0px; '><div  class='avia-image-container  av-styling-    avia-builder-el-26  avia-builder-el-no-sibling  avia-align-center '  itemprop=\"image\" itemscope=\"itemscope\" itemtype=\"https:\/\/schema.org\/ImageObject\"  ><div class='avia-image-container-inner'><div class='avia-image-overlay-wrap'><a href='https:\/\/www.vinyasdempremta.cat\/wp-content\/uploads\/2016\/02\/Verema-1030x686.jpg' class='avia_image'  ><img loading=\"lazy\" decoding=\"async\" width=\"300\" height=\"200\" class='wp-image-99 avia_image' src=\"https:\/\/www.vinyasdempremta.cat\/wp-content\/uploads\/2016\/02\/Verema-300x200.jpg\" alt='' title='Verema'  itemprop=\"thumbnailUrl\" srcset=\"https:\/\/www.vinyasdempremta.cat\/wp-content\/uploads\/2016\/02\/Verema-300x200.jpg 300w, https:\/\/www.vinyasdempremta.cat\/wp-content\/uploads\/2016\/02\/Verema-768x512.jpg 768w, https:\/\/www.vinyasdempremta.cat\/wp-content\/uploads\/2016\/02\/Verema-1030x686.jpg 1030w, https:\/\/www.vinyasdempremta.cat\/wp-content\/uploads\/2016\/02\/Verema-705x470.jpg 705w, https:\/\/www.vinyasdempremta.cat\/wp-content\/uploads\/2016\/02\/Verema-450x300.jpg 450w, https:\/\/www.vinyasdempremta.cat\/wp-content\/uploads\/2016\/02\/Verema.jpg 1310w\" sizes=\"auto, (max-width: 300px) 100vw, 300px\" \/><\/a><\/div><\/div><\/div><\/div>\n<div class=\"flex_column av_one_fourth  flex_column_div av-zero-column-padding   avia-builder-el-27  el_after_av_one_fourth  el_before_av_one_fourth  column-top-margin\" style='border-radius:0px; '><div  class='avia-image-container  av-styling-    avia-builder-el-28  avia-builder-el-no-sibling  avia-align-center '  itemprop=\"image\" itemscope=\"itemscope\" itemtype=\"https:\/\/schema.org\/ImageObject\"  ><div class='avia-image-container-inner'><div class='avia-image-overlay-wrap'><a href='https:\/\/www.vinyasdempremta.cat\/wp-content\/uploads\/2016\/02\/sumoll-vinya-empremta-1030x687.jpg' class='avia_image'  ><img loading=\"lazy\" decoding=\"async\" width=\"300\" height=\"200\" class='wp-image-246 avia_image' src=\"https:\/\/www.vinyasdempremta.cat\/wp-content\/uploads\/2016\/02\/sumoll-vinya-empremta-300x200.jpg\" alt='' title='sumoll-vinya-empremta'  itemprop=\"thumbnailUrl\" srcset=\"https:\/\/www.vinyasdempremta.cat\/wp-content\/uploads\/2016\/02\/sumoll-vinya-empremta-300x200.jpg 300w, https:\/\/www.vinyasdempremta.cat\/wp-content\/uploads\/2016\/02\/sumoll-vinya-empremta-768x512.jpg 768w, https:\/\/www.vinyasdempremta.cat\/wp-content\/uploads\/2016\/02\/sumoll-vinya-empremta-1030x687.jpg 1030w, https:\/\/www.vinyasdempremta.cat\/wp-content\/uploads\/2016\/02\/sumoll-vinya-empremta-705x470.jpg 705w, https:\/\/www.vinyasdempremta.cat\/wp-content\/uploads\/2016\/02\/sumoll-vinya-empremta-450x300.jpg 450w, https:\/\/www.vinyasdempremta.cat\/wp-content\/uploads\/2016\/02\/sumoll-vinya-empremta.jpg 1300w\" sizes=\"auto, (max-width: 300px) 100vw, 300px\" \/><\/a><\/div><\/div><\/div><\/div>\n<div class=\"flex_column av_one_fourth  flex_column_div av-zero-column-padding   avia-builder-el-29  el_after_av_one_fourth  avia-builder-el-last  column-top-margin\" style='border-radius:0px; '><div  class='avia-image-container  av-styling-    avia-builder-el-30  avia-builder-el-no-sibling  avia-align-center '  itemprop=\"image\" itemscope=\"itemscope\" itemtype=\"https:\/\/schema.org\/ImageObject\"  ><div class='avia-image-container-inner'><div class='avia-image-overlay-wrap'><a href='https:\/\/www.vinyasdempremta.cat\/wp-content\/uploads\/2016\/12\/Macabeu-1030x687.jpg' class='avia_image'  ><img loading=\"lazy\" decoding=\"async\" width=\"300\" height=\"200\" class='wp-image-336 avia_image' src=\"https:\/\/www.vinyasdempremta.cat\/wp-content\/uploads\/2016\/12\/Macabeu-300x200.jpg\" alt='' title='macabeu'  itemprop=\"thumbnailUrl\" srcset=\"https:\/\/www.vinyasdempremta.cat\/wp-content\/uploads\/2016\/12\/Macabeu-300x200.jpg 300w, https:\/\/www.vinyasdempremta.cat\/wp-content\/uploads\/2016\/12\/Macabeu-768x512.jpg 768w, https:\/\/www.vinyasdempremta.cat\/wp-content\/uploads\/2016\/12\/Macabeu-1030x687.jpg 1030w, https:\/\/www.vinyasdempremta.cat\/wp-content\/uploads\/2016\/12\/Macabeu-705x470.jpg 705w, https:\/\/www.vinyasdempremta.cat\/wp-content\/uploads\/2016\/12\/Macabeu-450x300.jpg 450w, https:\/\/www.vinyasdempremta.cat\/wp-content\/uploads\/2016\/12\/Macabeu.jpg 1300w\" sizes=\"auto, (max-width: 300px) 100vw, 300px\" \/><\/a><\/div><\/div><\/div><\/div>\n","protected":false},"excerpt":{"rendered":"","protected":false},"author":1,"featured_media":0,"parent":0,"menu_order":0,"comment_status":"closed","ping_status":"closed","template":"","meta":{"footnotes":""},"class_list":["post-296","page","type-page","status-publish","hentry"],"yoast_head":"<!-- This site is optimized with the Yoast SEO plugin v27.3 - https:\/\/yoast.com\/product\/yoast-seo-wordpress\/ -->\n<title>El territorio - Vinyas d&#039;empremta<\/title>\n<meta name=\"robots\" content=\"index, follow, max-snippet:-1, max-image-preview:large, max-video-preview:-1\" \/>\n<link rel=\"canonical\" href=\"https:\/\/www.vinyasdempremta.cat\/es\/el-territorio\/\" \/>\n<meta property=\"og:locale\" content=\"es_ES\" \/>\n<meta property=\"og:type\" content=\"article\" \/>\n<meta property=\"og:title\" content=\"El territorio - Vinyas d&#039;empremta\" \/>\n<meta property=\"og:url\" content=\"https:\/\/www.vinyasdempremta.cat\/es\/el-territorio\/\" \/>\n<meta property=\"og:site_name\" content=\"Vinyas d&#039;empremta\" \/>\n<meta property=\"article:modified_time\" content=\"2020-12-05T09:00:52+00:00\" \/>\n<meta name=\"twitter:card\" content=\"summary_large_image\" \/>\n<meta name=\"twitter:label1\" content=\"Tiempo de lectura\" \/>\n\t<meta name=\"twitter:data1\" content=\"9 minutos\" \/>\n<script type=\"application\/ld+json\" class=\"yoast-schema-graph\">{\"@context\":\"https:\\\/\\\/schema.org\",\"@graph\":[{\"@type\":\"WebPage\",\"@id\":\"https:\\\/\\\/www.vinyasdempremta.cat\\\/es\\\/el-territorio\\\/\",\"url\":\"https:\\\/\\\/www.vinyasdempremta.cat\\\/es\\\/el-territorio\\\/\",\"name\":\"El territorio - Vinyas d&#039;empremta\",\"isPartOf\":{\"@id\":\"https:\\\/\\\/www.vinyasdempremta.cat\\\/#website\"},\"datePublished\":\"2016-11-22T09:18:20+00:00\",\"dateModified\":\"2020-12-05T09:00:52+00:00\",\"breadcrumb\":{\"@id\":\"https:\\\/\\\/www.vinyasdempremta.cat\\\/es\\\/el-territorio\\\/#breadcrumb\"},\"inLanguage\":\"es\",\"potentialAction\":[{\"@type\":\"ReadAction\",\"target\":[\"https:\\\/\\\/www.vinyasdempremta.cat\\\/es\\\/el-territorio\\\/\"]}]},{\"@type\":\"BreadcrumbList\",\"@id\":\"https:\\\/\\\/www.vinyasdempremta.cat\\\/es\\\/el-territorio\\\/#breadcrumb\",\"itemListElement\":[{\"@type\":\"ListItem\",\"position\":1,\"name\":\"Inici\",\"item\":\"https:\\\/\\\/www.vinyasdempremta.cat\\\/es\\\/\"},{\"@type\":\"ListItem\",\"position\":2,\"name\":\"El territorio\"}]},{\"@type\":\"WebSite\",\"@id\":\"https:\\\/\\\/www.vinyasdempremta.cat\\\/#website\",\"url\":\"https:\\\/\\\/www.vinyasdempremta.cat\\\/\",\"name\":\"Vinyas d&#039;empremta\",\"description\":\"vins humils i sincers, testimonis del paisatge i de la hist\u00f2ria.\",\"potentialAction\":[{\"@type\":\"SearchAction\",\"target\":{\"@type\":\"EntryPoint\",\"urlTemplate\":\"https:\\\/\\\/www.vinyasdempremta.cat\\\/?s={search_term_string}\"},\"query-input\":{\"@type\":\"PropertyValueSpecification\",\"valueRequired\":true,\"valueName\":\"search_term_string\"}}],\"inLanguage\":\"es\"}]}<\/script>\n<!-- \/ Yoast SEO plugin. -->","yoast_head_json":{"title":"El territorio - Vinyas d&#039;empremta","robots":{"index":"index","follow":"follow","max-snippet":"max-snippet:-1","max-image-preview":"max-image-preview:large","max-video-preview":"max-video-preview:-1"},"canonical":"https:\/\/www.vinyasdempremta.cat\/es\/el-territorio\/","og_locale":"es_ES","og_type":"article","og_title":"El territorio - Vinyas d&#039;empremta","og_url":"https:\/\/www.vinyasdempremta.cat\/es\/el-territorio\/","og_site_name":"Vinyas d&#039;empremta","article_modified_time":"2020-12-05T09:00:52+00:00","twitter_card":"summary_large_image","twitter_misc":{"Tiempo de lectura":"9 minutos"},"schema":{"@context":"https:\/\/schema.org","@graph":[{"@type":"WebPage","@id":"https:\/\/www.vinyasdempremta.cat\/es\/el-territorio\/","url":"https:\/\/www.vinyasdempremta.cat\/es\/el-territorio\/","name":"El territorio - Vinyas d&#039;empremta","isPartOf":{"@id":"https:\/\/www.vinyasdempremta.cat\/#website"},"datePublished":"2016-11-22T09:18:20+00:00","dateModified":"2020-12-05T09:00:52+00:00","breadcrumb":{"@id":"https:\/\/www.vinyasdempremta.cat\/es\/el-territorio\/#breadcrumb"},"inLanguage":"es","potentialAction":[{"@type":"ReadAction","target":["https:\/\/www.vinyasdempremta.cat\/es\/el-territorio\/"]}]},{"@type":"BreadcrumbList","@id":"https:\/\/www.vinyasdempremta.cat\/es\/el-territorio\/#breadcrumb","itemListElement":[{"@type":"ListItem","position":1,"name":"Inici","item":"https:\/\/www.vinyasdempremta.cat\/es\/"},{"@type":"ListItem","position":2,"name":"El territorio"}]},{"@type":"WebSite","@id":"https:\/\/www.vinyasdempremta.cat\/#website","url":"https:\/\/www.vinyasdempremta.cat\/","name":"Vinyas d&#039;empremta","description":"vins humils i sincers, testimonis del paisatge i de la hist\u00f2ria.","potentialAction":[{"@type":"SearchAction","target":{"@type":"EntryPoint","urlTemplate":"https:\/\/www.vinyasdempremta.cat\/?s={search_term_string}"},"query-input":{"@type":"PropertyValueSpecification","valueRequired":true,"valueName":"search_term_string"}}],"inLanguage":"es"}]}},"_links":{"self":[{"href":"https:\/\/www.vinyasdempremta.cat\/es\/wp-json\/wp\/v2\/pages\/296","targetHints":{"allow":["GET"]}}],"collection":[{"href":"https:\/\/www.vinyasdempremta.cat\/es\/wp-json\/wp\/v2\/pages"}],"about":[{"href":"https:\/\/www.vinyasdempremta.cat\/es\/wp-json\/wp\/v2\/types\/page"}],"author":[{"embeddable":true,"href":"https:\/\/www.vinyasdempremta.cat\/es\/wp-json\/wp\/v2\/users\/1"}],"replies":[{"embeddable":true,"href":"https:\/\/www.vinyasdempremta.cat\/es\/wp-json\/wp\/v2\/comments?post=296"}],"version-history":[{"count":6,"href":"https:\/\/www.vinyasdempremta.cat\/es\/wp-json\/wp\/v2\/pages\/296\/revisions"}],"predecessor-version":[{"id":692,"href":"https:\/\/www.vinyasdempremta.cat\/es\/wp-json\/wp\/v2\/pages\/296\/revisions\/692"}],"wp:attachment":[{"href":"https:\/\/www.vinyasdempremta.cat\/es\/wp-json\/wp\/v2\/media?parent=296"}],"curies":[{"name":"wp","href":"https:\/\/api.w.org\/{rel}","templated":true}]}}