{"id":293,"date":"2016-11-22T09:14:16","date_gmt":"2016-11-22T09:14:16","guid":{"rendered":"http:\/\/www.vinyasdempremta.cat\/?page_id=293&#038;lang=es"},"modified":"2020-10-18T17:05:02","modified_gmt":"2020-10-18T17:05:02","slug":"la-bodega","status":"publish","type":"page","link":"https:\/\/www.vinyasdempremta.cat\/es\/la-bodega\/","title":{"rendered":"La bodega"},"content":{"rendered":"<div  style='padding-bottom:10px; ' class='av-special-heading av-special-heading-h1  blockquote modern-quote  avia-builder-el-0  el_before_av_hr  avia-builder-el-first  '><h1 class='av-special-heading-tag '  itemprop=\"headline\"  >La bodega<\/h1><div class='special-heading-border'><div class='special-heading-inner-border' ><\/div><\/div><\/div>\n<div  style='height:40px' class='hr hr-invisible   avia-builder-el-1  el_after_av_heading  el_before_av_one_full '><span class='hr-inner ' ><span class='hr-inner-style'><\/span><\/span><\/div>\n<div class=\"flex_column av_one_full  flex_column_div av-zero-column-padding first  avia-builder-el-2  el_after_av_hr  el_before_av_one_full  \" style='border-radius:0px; '><p><div  style='padding-bottom:10px; font-size:30px;' class='av-special-heading av-special-heading-h3  blockquote modern-quote  avia-builder-el-3  el_before_av_textblock  avia-builder-el-first  av-inherit-size '><h3 class='av-special-heading-tag '  itemprop=\"headline\"  >\u00bfQui\u00e9nes somos?<\/h3><div class='special-heading-border'><div class='special-heading-inner-border' ><\/div><\/div><\/div><br \/>\n<section class=\"av_textblock_section \"  itemscope=\"itemscope\" itemtype=\"https:\/\/schema.org\/CreativeWork\" ><div class='avia_textblock  '   itemprop=\"text\" ><blockquote>\n<p><strong>Celler Vinyas d\u2019Empremta<\/strong>\u00a0es un proyecto familiar, creado espont\u00e1neamente por Isidre y sus dos hijos, Gerard y Berta, y que tiene un objetivo principal: identificar y dar a conocer un territorio a trav\u00e9s de la vi\u00f1a y el vino.<\/p>\n<\/blockquote>\n<p>Hace ya m\u00e1s de dos d\u00e9cadas que Isidre comenz\u00f3 a dedicarse a la vi\u00f1a. Tras muchos a\u00f1os en el mundo del deporte de competici\u00f3n, Isidre busc\u00f3 un revulsivo para ocupar su tiempo libre y empez\u00f3 a trabajar entre cepas.<\/p>\n<p>Adem\u00e1s del senderismo y la fotograf\u00eda, Isidre tom\u00f3 la vi\u00f1a como una afici\u00f3n m\u00e1s. Por un lado, se convirti\u00f3 en un experto de su territorio gracias a las excursiones de los fines de semana. Por otro lado, la vi\u00f1a le aporta calma y tranquilidad, satisfacci\u00f3n y v\u00ednculo con la naturaleza. \u00c9l solo empez\u00f3 a hacer vinos para autoconsumo. A\u00f1o tras a\u00f1o, su dedicaci\u00f3n fue aumentando y gracias tambi\u00e9n a la colaboraci\u00f3n de profesionales y amigos, fue mejorando la t\u00e9cnica en el campo y en la bodega.<\/p>\n<\/div><\/section><br \/>\n<div   data-size='featured'  data-lightbox_size='large'  data-animation='slide'  data-conditional_play=''  data-ids='432,593,531'  data-video_counter='0'  data-autoplay='false'  data-bg_slider='false'  data-slide_height=''  data-handle='av_slideshow'  data-interval='5'  data-class=' avia-builder-el-5  el_after_av_textblock  avia-builder-el-last  '  data-el_id=''  data-css_id=''  data-scroll_down=''  data-control_layout='av-control-default'  data-custom_markup=''  data-perma_caption=''  data-autoplay_stopper=''  data-image_attachment=''  data-min_height='0px'  data-default-height='28.666666666667'  class='avia-slideshow avia-slideshow-1  av-control-default av-default-height-applied avia-slideshow-featured av_slideshow  avia-builder-el-5  el_after_av_textblock  avia-builder-el-last   avia-slide-slider '  itemprop=\"image\" itemscope=\"itemscope\" itemtype=\"https:\/\/schema.org\/ImageObject\" ><ul class='avia-slideshow-inner ' style='padding-bottom: 28.666666666667%;' ><li  class=' slide-1 ' ><div data-rel='slideshow-1' class='avia-slide-wrap '   ><img decoding=\"async\" class=\"wp-image-432\"  src=\"https:\/\/www.vinyasdempremta.cat\/wp-content\/uploads\/2020\/07\/bdgust16.1-1-1500x430.jpg\" width='1500' height='430' title='bdgust16.1' alt='L&#039;equip'  itemprop=\"thumbnailUrl\"   \/><\/div \">\"<\/li><li  class=' slide-2 ' ><div data-rel='slideshow-1' class='avia-slide-wrap '  title='Barraques de pedra seca sobre cups' ><img decoding=\"async\" class=\"wp-image-593\"  src=\"https:\/\/www.vinyasdempremta.cat\/wp-content\/uploads\/2020\/10\/verema-2020-1280x430.jpg\" width='1280' height='430' title='verema 2020' alt='L&#039;equip'  itemprop=\"thumbnailUrl\"   \/><\/div \">\"<\/li><li  class=' slide-3 ' ><div data-rel='slideshow-1' class='avia-slide-wrap '   ><img decoding=\"async\" class=\"wp-image-531\"  src=\"https:\/\/www.vinyasdempremta.cat\/wp-content\/uploads\/2016\/02\/el-celler-1310x430.jpg\" width='1310' height='430' title='el-celler' alt=''  itemprop=\"thumbnailUrl\"   \/><\/div \">\"<\/li><\/ul><div class='avia-slideshow-arrows avia-slideshow-controls'><a href='#prev' class='prev-slide' aria-hidden='true' data-av_icon='\ue87c' data-av_iconfont='entypo-fontello'>Anterior<\/a><a href='#next' class='next-slide' aria-hidden='true' data-av_icon='\ue87d' data-av_iconfont='entypo-fontello'>Posterior<\/a><\/div><div class='avia-slideshow-dots avia-slideshow-controls'><a href='#1' class='goto-slide active' >1<\/a><a href='#2' class='goto-slide ' >2<\/a><a href='#3' class='goto-slide ' >3<\/a><\/div><\/div><\/p><\/div>\n<div class=\"flex_column av_one_full  flex_column_div av-zero-column-padding first  avia-builder-el-6  el_after_av_one_full  el_before_av_one_fourth  column-top-margin\" style='border-radius:0px; '><section class=\"av_textblock_section \"  itemscope=\"itemscope\" itemtype=\"https:\/\/schema.org\/CreativeWork\" ><div class='avia_textblock  '   itemprop=\"text\" ><p>Gerard, su hijo mayor, es de formaci\u00f3n Enginiero Civil y, de vocaci\u00f3n, agricultor. Gerard es un apasionado de la \u201ctierra\u201d en todas su acepciones. La vive y la siente como nadie, la hace suya y se implica con entereza.<\/p>\n<p>Hace ocho a\u00f1os que Gerard decidi\u00f3 hacer de la vi\u00f1a una nueva afici\u00f3n, y desde entonces, ha dedicado la mayor parte de su tiempo a ello. Se ha formado en diferentes \u00e1mbitos del trabajo en el campo (poda virtuosa, ecolog\u00eda y biodin\u00e1mica) para poder llevar a cabo sus propias ideas.<\/p>\n<p>Padre e hijo empiezan a compartir horas en el campo, experiencias e ilusi\u00f3n para empezar un proyecto de futuro, una carrera de larga distancias que corren con pasi\u00f3n y devoci\u00f3n.<\/p>\n<p>Su implicaci\u00f3n va mucho m\u00e1s all\u00e1 de la producci\u00f3n de vino. Tambi\u00e9n trabajan para preservar las variedades aut\u00f3ctonas, recuperar terrazas y espacios cultivados y descubrir y mantener el antiguo paisaje vitivin\u00edcola, como lagares de piedra, prensas de plato y otros elementos centenarios que configuran la huella y el paisaje.<\/p>\n<p>El \u00faltimo v\u00e9rtice del triangulo es Berta. Berta es ingeniera de edificaci\u00f3n. Como gesto de generosidad, Berta empez\u00f3 colaborando en la bodega para ayudar a la familia y as\u00ed vi\u00f3 que el mundo del vino tambi\u00e9n era para ella. Entonces decidi\u00f3 formarse correctamente y curs\u00f3 el FP de Vitivinicultura que ofrece la Escuela de Espiells. Berta aporta los conocimientos te\u00f3ricos necesarios y la experiencia en la bodega, ya que ha colaborado con otras bodegas reconocidas.<\/p>\n<\/div><\/section><\/div><div class=\"flex_column av_one_fourth  flex_column_div av-zero-column-padding first  avia-builder-el-8  el_after_av_one_full  el_before_av_one_fourth  column-top-margin\" style='border-radius:0px; '><div  class='avia-image-container  av-styling-    avia-builder-el-9  avia-builder-el-no-sibling  avia-align-center '  itemprop=\"image\" itemscope=\"itemscope\" itemtype=\"https:\/\/schema.org\/ImageObject\"  ><div class='avia-image-container-inner'><div class='avia-image-overlay-wrap'><a href='https:\/\/www.vinyasdempremta.cat\/wp-content\/uploads\/2020\/07\/IMG_5531-1-1030x687.jpg' class='avia_image'  ><img loading=\"lazy\" decoding=\"async\" width=\"300\" height=\"200\" class='wp-image-447 avia_image' src=\"https:\/\/www.vinyasdempremta.cat\/wp-content\/uploads\/2020\/07\/IMG_5531-1-300x200.jpg\" alt='Barraques' title='IMG_5531'  itemprop=\"thumbnailUrl\"  \/><\/a><\/div><\/div><\/div><\/div><\/p>\n<div class=\"flex_column av_one_fourth  flex_column_div av-zero-column-padding   avia-builder-el-10  el_after_av_one_fourth  el_before_av_one_fourth  column-top-margin\" style='border-radius:0px; '><div  class='avia-image-container  av-styling-    avia-builder-el-11  avia-builder-el-no-sibling  avia-align-center '  itemprop=\"image\" itemscope=\"itemscope\" itemtype=\"https:\/\/schema.org\/ImageObject\"  ><div class='avia-image-container-inner'><div class='avia-image-overlay-wrap'><a href='https:\/\/www.vinyasdempremta.cat\/wp-content\/uploads\/2020\/07\/celler-1-1030x713.jpg' class='avia_image'  ><img loading=\"lazy\" decoding=\"async\" width=\"300\" height=\"208\" class='wp-image-451 avia_image' src=\"https:\/\/www.vinyasdempremta.cat\/wp-content\/uploads\/2020\/07\/celler-1-300x208.jpg\" alt='El celler' title='celler'  itemprop=\"thumbnailUrl\" srcset=\"https:\/\/www.vinyasdempremta.cat\/wp-content\/uploads\/2020\/07\/celler-1-300x208.jpg 300w, https:\/\/www.vinyasdempremta.cat\/wp-content\/uploads\/2020\/07\/celler-1-1030x713.jpg 1030w, https:\/\/www.vinyasdempremta.cat\/wp-content\/uploads\/2020\/07\/celler-1-768x532.jpg 768w, https:\/\/www.vinyasdempremta.cat\/wp-content\/uploads\/2020\/07\/celler-1-705x488.jpg 705w, https:\/\/www.vinyasdempremta.cat\/wp-content\/uploads\/2020\/07\/celler-1.jpg 1034w\" sizes=\"auto, (max-width: 300px) 100vw, 300px\" \/><\/a><\/div><\/div><\/div><\/div>\n<div class=\"flex_column av_one_fourth  flex_column_div av-zero-column-padding   avia-builder-el-12  el_after_av_one_fourth  el_before_av_one_fourth  column-top-margin\" style='border-radius:0px; '><div  class='avia-image-container  av-styling-    avia-builder-el-13  avia-builder-el-no-sibling  avia-align-center '  itemprop=\"image\" itemscope=\"itemscope\" itemtype=\"https:\/\/schema.org\/ImageObject\"  ><div class='avia-image-container-inner'><div class='avia-image-overlay-wrap'><a href='https:\/\/www.vinyasdempremta.cat\/wp-content\/uploads\/2016\/02\/celler-vinyas-empremta-2-1030x687.jpg' class='avia_image'  ><img loading=\"lazy\" decoding=\"async\" width=\"300\" height=\"200\" class='wp-image-533 avia_image' src=\"https:\/\/www.vinyasdempremta.cat\/wp-content\/uploads\/2016\/02\/celler-vinyas-empremta-2-300x200.jpg\" alt='' title='celler-vinyas-empremta'  itemprop=\"thumbnailUrl\" srcset=\"https:\/\/www.vinyasdempremta.cat\/wp-content\/uploads\/2016\/02\/celler-vinyas-empremta-2-300x200.jpg 300w, https:\/\/www.vinyasdempremta.cat\/wp-content\/uploads\/2016\/02\/celler-vinyas-empremta-2-768x512.jpg 768w, https:\/\/www.vinyasdempremta.cat\/wp-content\/uploads\/2016\/02\/celler-vinyas-empremta-2-1030x687.jpg 1030w, https:\/\/www.vinyasdempremta.cat\/wp-content\/uploads\/2016\/02\/celler-vinyas-empremta-2-705x470.jpg 705w, https:\/\/www.vinyasdempremta.cat\/wp-content\/uploads\/2016\/02\/celler-vinyas-empremta-2-450x300.jpg 450w, https:\/\/www.vinyasdempremta.cat\/wp-content\/uploads\/2016\/02\/celler-vinyas-empremta-2.jpg 1300w\" sizes=\"auto, (max-width: 300px) 100vw, 300px\" \/><\/a><\/div><\/div><\/div><\/div>\n<div class=\"flex_column av_one_fourth  flex_column_div av-zero-column-padding   avia-builder-el-14  el_after_av_one_fourth  el_before_av_one_full  column-top-margin\" style='border-radius:0px; '><div  class='avia-image-container  av-styling-    avia-builder-el-15  avia-builder-el-no-sibling  avia-align-center '  itemprop=\"image\" itemscope=\"itemscope\" itemtype=\"https:\/\/schema.org\/ImageObject\"  ><div class='avia-image-container-inner'><div class='avia-image-overlay-wrap'><a href='https:\/\/www.vinyasdempremta.cat\/wp-content\/uploads\/2020\/07\/thumbnail_IMG_5534-e1599482606167.jpg' class='avia_image'  ><img loading=\"lazy\" decoding=\"async\" width=\"180\" height=\"180\" class='wp-image-449 avia_image' src=\"https:\/\/www.vinyasdempremta.cat\/wp-content\/uploads\/2020\/07\/thumbnail_IMG_5534-180x180.jpg\" alt='El celler' title='thumbnail_IMG_5534'  itemprop=\"thumbnailUrl\" srcset=\"https:\/\/www.vinyasdempremta.cat\/wp-content\/uploads\/2020\/07\/thumbnail_IMG_5534-180x180.jpg 180w, https:\/\/www.vinyasdempremta.cat\/wp-content\/uploads\/2020\/07\/thumbnail_IMG_5534-298x300.jpg 298w, https:\/\/www.vinyasdempremta.cat\/wp-content\/uploads\/2020\/07\/thumbnail_IMG_5534-80x80.jpg 80w, https:\/\/www.vinyasdempremta.cat\/wp-content\/uploads\/2020\/07\/thumbnail_IMG_5534-36x36.jpg 36w, https:\/\/www.vinyasdempremta.cat\/wp-content\/uploads\/2020\/07\/thumbnail_IMG_5534-701x705.jpg 701w, https:\/\/www.vinyasdempremta.cat\/wp-content\/uploads\/2020\/07\/thumbnail_IMG_5534.jpg 715w\" sizes=\"auto, (max-width: 180px) 100vw, 180px\" \/><\/a><\/div><\/div><\/div><\/div>\n<div class=\"flex_column av_one_full  flex_column_div av-zero-column-padding first  avia-builder-el-16  el_after_av_one_fourth  el_before_av_one_fourth  column-top-margin\" style='border-radius:0px; '><p><div  style='padding-bottom:10px; font-size:30px;' class='av-special-heading av-special-heading-h3  blockquote modern-quote  avia-builder-el-17  el_before_av_textblock  avia-builder-el-first  av-inherit-size '><h3 class='av-special-heading-tag '  itemprop=\"headline\"  >Filosof\u00eda<\/h3><div class='special-heading-border'><div class='special-heading-inner-border' ><\/div><\/div><\/div><br \/>\n<section class=\"av_textblock_section \"  itemscope=\"itemscope\" itemtype=\"https:\/\/schema.org\/CreativeWork\" ><div class='avia_textblock  '   itemprop=\"text\" ><p><strong>Amamos y respetamos la naturaleza. <\/strong><\/p>\n<p>El conreo de nuestros vi\u00f1edos sigue un modelo sostenible. Buscamos la harmonia entre el vi\u00f1edo y el entorno y no hacemos trabajos que perjudiquen los suelos.<\/p>\n<p>Trabajamos de manera natural y equilibrada para proteger la biodiversidad del suelo, de las plantas y de todos los animales que tenemos alrededor.<\/p>\n<p>El trabajo en la bodega se identifica directamente con el que hacemos en el campo. Creemos firmemente que el mejor vino sale de la mejor uva y por esa raz\u00f3n durante la elaboraci\u00f3n practicamos el \u201cdejar hacer\u201d para no perder la esencia del producto.<\/p>\n<p>Por todo lo anterior queremos que nuestros vinos reflejen esta filosof\u00eda de la mejor manera posible.<\/p>\n<\/div><\/section><\/p><\/div>\n<div class=\"flex_column av_one_fourth  flex_column_div av-zero-column-padding first  avia-builder-el-19  el_after_av_one_full  el_before_av_one_fourth  column-top-margin\" style='border-radius:0px; '><div  class='avia-image-container  av-styling-    avia-builder-el-20  avia-builder-el-no-sibling  avia-align-center '  itemprop=\"image\" itemscope=\"itemscope\" itemtype=\"https:\/\/schema.org\/ImageObject\"  ><div class='avia-image-container-inner'><div class='avia-image-overlay-wrap'><a href='https:\/\/www.vinyasdempremta.cat\/wp-content\/uploads\/2016\/02\/planso-1030x687.jpg' class='avia_image'  ><img loading=\"lazy\" decoding=\"async\" width=\"300\" height=\"200\" class='wp-image-536 avia_image' src=\"https:\/\/www.vinyasdempremta.cat\/wp-content\/uploads\/2016\/02\/planso-300x200.jpg\" alt='' title='Plan\u00e7\u00f3'  itemprop=\"thumbnailUrl\" srcset=\"https:\/\/www.vinyasdempremta.cat\/wp-content\/uploads\/2016\/02\/planso-300x200.jpg 300w, https:\/\/www.vinyasdempremta.cat\/wp-content\/uploads\/2016\/02\/planso-768x512.jpg 768w, https:\/\/www.vinyasdempremta.cat\/wp-content\/uploads\/2016\/02\/planso-1030x687.jpg 1030w, https:\/\/www.vinyasdempremta.cat\/wp-content\/uploads\/2016\/02\/planso-705x470.jpg 705w, https:\/\/www.vinyasdempremta.cat\/wp-content\/uploads\/2016\/02\/planso-450x300.jpg 450w, https:\/\/www.vinyasdempremta.cat\/wp-content\/uploads\/2016\/02\/planso.jpg 1300w\" sizes=\"auto, (max-width: 300px) 100vw, 300px\" \/><\/a><\/div><\/div><\/div><\/div>\n<div class=\"flex_column av_one_fourth  flex_column_div av-zero-column-padding   avia-builder-el-21  el_after_av_one_fourth  el_before_av_one_fourth  column-top-margin\" style='border-radius:0px; '><div  class='avia-image-container  av-styling-    avia-builder-el-22  avia-builder-el-no-sibling  avia-align-center '  itemprop=\"image\" itemscope=\"itemscope\" itemtype=\"https:\/\/schema.org\/ImageObject\"  ><div class='avia-image-container-inner'><div class='avia-image-overlay-wrap'><a href='https:\/\/www.vinyasdempremta.cat\/wp-content\/uploads\/2016\/02\/pit-roig-1030x687.jpg' class='avia_image'  ><img loading=\"lazy\" decoding=\"async\" width=\"300\" height=\"200\" class='wp-image-535 avia_image' src=\"https:\/\/www.vinyasdempremta.cat\/wp-content\/uploads\/2016\/02\/pit-roig-300x200.jpg\" alt='' title='Pit-Roig'  itemprop=\"thumbnailUrl\" srcset=\"https:\/\/www.vinyasdempremta.cat\/wp-content\/uploads\/2016\/02\/pit-roig-300x200.jpg 300w, https:\/\/www.vinyasdempremta.cat\/wp-content\/uploads\/2016\/02\/pit-roig-768x512.jpg 768w, https:\/\/www.vinyasdempremta.cat\/wp-content\/uploads\/2016\/02\/pit-roig-1030x687.jpg 1030w, https:\/\/www.vinyasdempremta.cat\/wp-content\/uploads\/2016\/02\/pit-roig-705x470.jpg 705w, https:\/\/www.vinyasdempremta.cat\/wp-content\/uploads\/2016\/02\/pit-roig-450x300.jpg 450w, https:\/\/www.vinyasdempremta.cat\/wp-content\/uploads\/2016\/02\/pit-roig.jpg 1300w\" sizes=\"auto, (max-width: 300px) 100vw, 300px\" \/><\/a><\/div><\/div><\/div><\/div>\n<div class=\"flex_column av_one_fourth  flex_column_div av-zero-column-padding   avia-builder-el-23  el_after_av_one_fourth  el_before_av_one_fourth  column-top-margin\" style='border-radius:0px; '><div  class='avia-image-container  av-styling-    avia-builder-el-24  avia-builder-el-no-sibling  avia-align-center '  itemprop=\"image\" itemscope=\"itemscope\" itemtype=\"https:\/\/schema.org\/ImageObject\"  ><div class='avia-image-container-inner'><div class='avia-image-overlay-wrap'><a href='https:\/\/www.vinyasdempremta.cat\/wp-content\/uploads\/2016\/02\/Bresca-1030x686.jpg' class='avia_image'  ><img loading=\"lazy\" decoding=\"async\" width=\"300\" height=\"200\" class='wp-image-89 avia_image' src=\"https:\/\/www.vinyasdempremta.cat\/wp-content\/uploads\/2016\/02\/Bresca-300x200.jpg\" alt='' title='Bresca'  itemprop=\"thumbnailUrl\" srcset=\"https:\/\/www.vinyasdempremta.cat\/wp-content\/uploads\/2016\/02\/Bresca-300x200.jpg 300w, https:\/\/www.vinyasdempremta.cat\/wp-content\/uploads\/2016\/02\/Bresca-768x512.jpg 768w, https:\/\/www.vinyasdempremta.cat\/wp-content\/uploads\/2016\/02\/Bresca-1030x686.jpg 1030w, https:\/\/www.vinyasdempremta.cat\/wp-content\/uploads\/2016\/02\/Bresca-705x470.jpg 705w, https:\/\/www.vinyasdempremta.cat\/wp-content\/uploads\/2016\/02\/Bresca-450x300.jpg 450w, https:\/\/www.vinyasdempremta.cat\/wp-content\/uploads\/2016\/02\/Bresca.jpg 1310w\" sizes=\"auto, (max-width: 300px) 100vw, 300px\" \/><\/a><\/div><\/div><\/div><\/div>\n<div class=\"flex_column av_one_fourth  flex_column_div av-zero-column-padding   avia-builder-el-25  el_after_av_one_fourth  avia-builder-el-last  column-top-margin\" style='border-radius:0px; '><div  class='avia-image-container  av-styling-    avia-builder-el-26  avia-builder-el-no-sibling  avia-align-center '  itemprop=\"image\" itemscope=\"itemscope\" itemtype=\"https:\/\/schema.org\/ImageObject\"  ><div class='avia-image-container-inner'><div class='avia-image-overlay-wrap'><a href='https:\/\/www.vinyasdempremta.cat\/wp-content\/uploads\/2016\/02\/dent-de-lleo-1030x687.jpg' class='avia_image'  ><img loading=\"lazy\" decoding=\"async\" width=\"300\" height=\"200\" class='wp-image-534 avia_image' src=\"https:\/\/www.vinyasdempremta.cat\/wp-content\/uploads\/2016\/02\/dent-de-lleo-300x200.jpg\" alt='' title='Dent de lle\u00f3'  itemprop=\"thumbnailUrl\" srcset=\"https:\/\/www.vinyasdempremta.cat\/wp-content\/uploads\/2016\/02\/dent-de-lleo-300x200.jpg 300w, https:\/\/www.vinyasdempremta.cat\/wp-content\/uploads\/2016\/02\/dent-de-lleo-768x512.jpg 768w, https:\/\/www.vinyasdempremta.cat\/wp-content\/uploads\/2016\/02\/dent-de-lleo-1030x687.jpg 1030w, https:\/\/www.vinyasdempremta.cat\/wp-content\/uploads\/2016\/02\/dent-de-lleo-705x470.jpg 705w, https:\/\/www.vinyasdempremta.cat\/wp-content\/uploads\/2016\/02\/dent-de-lleo-450x300.jpg 450w, https:\/\/www.vinyasdempremta.cat\/wp-content\/uploads\/2016\/02\/dent-de-lleo.jpg 1300w\" sizes=\"auto, (max-width: 300px) 100vw, 300px\" \/><\/a><\/div><\/div><\/div><\/div>\n","protected":false},"excerpt":{"rendered":"","protected":false},"author":1,"featured_media":0,"parent":0,"menu_order":0,"comment_status":"closed","ping_status":"closed","template":"","meta":{"footnotes":""},"class_list":["post-293","page","type-page","status-publish","hentry"],"yoast_head":"<!-- This site is optimized with the Yoast SEO plugin v27.3 - https:\/\/yoast.com\/product\/yoast-seo-wordpress\/ -->\n<title>La bodega - Vinyas d&#039;empremta<\/title>\n<meta name=\"robots\" content=\"index, follow, max-snippet:-1, max-image-preview:large, max-video-preview:-1\" \/>\n<link rel=\"canonical\" href=\"https:\/\/www.vinyasdempremta.cat\/es\/la-bodega\/\" \/>\n<meta property=\"og:locale\" content=\"es_ES\" \/>\n<meta property=\"og:type\" content=\"article\" \/>\n<meta property=\"og:title\" content=\"La bodega - Vinyas d&#039;empremta\" \/>\n<meta property=\"og:url\" content=\"https:\/\/www.vinyasdempremta.cat\/es\/la-bodega\/\" \/>\n<meta property=\"og:site_name\" content=\"Vinyas d&#039;empremta\" \/>\n<meta property=\"article:modified_time\" content=\"2020-10-18T17:05:02+00:00\" \/>\n<meta name=\"twitter:card\" content=\"summary_large_image\" \/>\n<meta name=\"twitter:label1\" content=\"Tiempo de lectura\" \/>\n\t<meta name=\"twitter:data1\" content=\"11 minutos\" \/>\n<script type=\"application\/ld+json\" class=\"yoast-schema-graph\">{\"@context\":\"https:\\\/\\\/schema.org\",\"@graph\":[{\"@type\":\"WebPage\",\"@id\":\"https:\\\/\\\/www.vinyasdempremta.cat\\\/es\\\/la-bodega\\\/\",\"url\":\"https:\\\/\\\/www.vinyasdempremta.cat\\\/es\\\/la-bodega\\\/\",\"name\":\"La bodega - Vinyas d&#039;empremta\",\"isPartOf\":{\"@id\":\"https:\\\/\\\/www.vinyasdempremta.cat\\\/#website\"},\"datePublished\":\"2016-11-22T09:14:16+00:00\",\"dateModified\":\"2020-10-18T17:05:02+00:00\",\"breadcrumb\":{\"@id\":\"https:\\\/\\\/www.vinyasdempremta.cat\\\/es\\\/la-bodega\\\/#breadcrumb\"},\"inLanguage\":\"es\",\"potentialAction\":[{\"@type\":\"ReadAction\",\"target\":[\"https:\\\/\\\/www.vinyasdempremta.cat\\\/es\\\/la-bodega\\\/\"]}]},{\"@type\":\"BreadcrumbList\",\"@id\":\"https:\\\/\\\/www.vinyasdempremta.cat\\\/es\\\/la-bodega\\\/#breadcrumb\",\"itemListElement\":[{\"@type\":\"ListItem\",\"position\":1,\"name\":\"Inici\",\"item\":\"https:\\\/\\\/www.vinyasdempremta.cat\\\/es\\\/\"},{\"@type\":\"ListItem\",\"position\":2,\"name\":\"La bodega\"}]},{\"@type\":\"WebSite\",\"@id\":\"https:\\\/\\\/www.vinyasdempremta.cat\\\/#website\",\"url\":\"https:\\\/\\\/www.vinyasdempremta.cat\\\/\",\"name\":\"Vinyas d&#039;empremta\",\"description\":\"vins humils i sincers, testimonis del paisatge i de la hist\u00f2ria.\",\"potentialAction\":[{\"@type\":\"SearchAction\",\"target\":{\"@type\":\"EntryPoint\",\"urlTemplate\":\"https:\\\/\\\/www.vinyasdempremta.cat\\\/?s={search_term_string}\"},\"query-input\":{\"@type\":\"PropertyValueSpecification\",\"valueRequired\":true,\"valueName\":\"search_term_string\"}}],\"inLanguage\":\"es\"}]}<\/script>\n<!-- \/ Yoast SEO plugin. -->","yoast_head_json":{"title":"La bodega - Vinyas d&#039;empremta","robots":{"index":"index","follow":"follow","max-snippet":"max-snippet:-1","max-image-preview":"max-image-preview:large","max-video-preview":"max-video-preview:-1"},"canonical":"https:\/\/www.vinyasdempremta.cat\/es\/la-bodega\/","og_locale":"es_ES","og_type":"article","og_title":"La bodega - Vinyas d&#039;empremta","og_url":"https:\/\/www.vinyasdempremta.cat\/es\/la-bodega\/","og_site_name":"Vinyas d&#039;empremta","article_modified_time":"2020-10-18T17:05:02+00:00","twitter_card":"summary_large_image","twitter_misc":{"Tiempo de lectura":"11 minutos"},"schema":{"@context":"https:\/\/schema.org","@graph":[{"@type":"WebPage","@id":"https:\/\/www.vinyasdempremta.cat\/es\/la-bodega\/","url":"https:\/\/www.vinyasdempremta.cat\/es\/la-bodega\/","name":"La bodega - Vinyas d&#039;empremta","isPartOf":{"@id":"https:\/\/www.vinyasdempremta.cat\/#website"},"datePublished":"2016-11-22T09:14:16+00:00","dateModified":"2020-10-18T17:05:02+00:00","breadcrumb":{"@id":"https:\/\/www.vinyasdempremta.cat\/es\/la-bodega\/#breadcrumb"},"inLanguage":"es","potentialAction":[{"@type":"ReadAction","target":["https:\/\/www.vinyasdempremta.cat\/es\/la-bodega\/"]}]},{"@type":"BreadcrumbList","@id":"https:\/\/www.vinyasdempremta.cat\/es\/la-bodega\/#breadcrumb","itemListElement":[{"@type":"ListItem","position":1,"name":"Inici","item":"https:\/\/www.vinyasdempremta.cat\/es\/"},{"@type":"ListItem","position":2,"name":"La bodega"}]},{"@type":"WebSite","@id":"https:\/\/www.vinyasdempremta.cat\/#website","url":"https:\/\/www.vinyasdempremta.cat\/","name":"Vinyas d&#039;empremta","description":"vins humils i sincers, testimonis del paisatge i de la hist\u00f2ria.","potentialAction":[{"@type":"SearchAction","target":{"@type":"EntryPoint","urlTemplate":"https:\/\/www.vinyasdempremta.cat\/?s={search_term_string}"},"query-input":{"@type":"PropertyValueSpecification","valueRequired":true,"valueName":"search_term_string"}}],"inLanguage":"es"}]}},"_links":{"self":[{"href":"https:\/\/www.vinyasdempremta.cat\/es\/wp-json\/wp\/v2\/pages\/293","targetHints":{"allow":["GET"]}}],"collection":[{"href":"https:\/\/www.vinyasdempremta.cat\/es\/wp-json\/wp\/v2\/pages"}],"about":[{"href":"https:\/\/www.vinyasdempremta.cat\/es\/wp-json\/wp\/v2\/types\/page"}],"author":[{"embeddable":true,"href":"https:\/\/www.vinyasdempremta.cat\/es\/wp-json\/wp\/v2\/users\/1"}],"replies":[{"embeddable":true,"href":"https:\/\/www.vinyasdempremta.cat\/es\/wp-json\/wp\/v2\/comments?post=293"}],"version-history":[{"count":6,"href":"https:\/\/www.vinyasdempremta.cat\/es\/wp-json\/wp\/v2\/pages\/293\/revisions"}],"predecessor-version":[{"id":624,"href":"https:\/\/www.vinyasdempremta.cat\/es\/wp-json\/wp\/v2\/pages\/293\/revisions\/624"}],"wp:attachment":[{"href":"https:\/\/www.vinyasdempremta.cat\/es\/wp-json\/wp\/v2\/media?parent=293"}],"curies":[{"name":"wp","href":"https:\/\/api.w.org\/{rel}","templated":true}]}}