{"id":558,"date":"2020-10-16T15:45:22","date_gmt":"2020-10-16T15:45:22","guid":{"rendered":"http:\/\/www.vinyasdempremta.cat\/?page_id=558"},"modified":"2020-10-16T15:45:22","modified_gmt":"2020-10-16T15:45:22","slug":"politica-de-privacitat","status":"publish","type":"page","link":"https:\/\/www.vinyasdempremta.cat\/en\/politica-de-privacitat\/","title":{"rendered":"Pol\u00edtica de privacitat"},"content":{"rendered":"<div class=\"flex_column av_one_full  flex_column_div first  avia-builder-el-0  avia-builder-el-no-sibling  \" ><p><div  style='padding-bottom:10px; ' class='av-special-heading av-special-heading-h3    avia-builder-el-1  el_before_av_textblock  avia-builder-el-first  '><h3 class='av-special-heading-tag '  itemprop=\"headline\"  >Pol\u00edtica de privacitat<\/h3><div class='special-heading-border'><div class='special-heading-inner-border' ><\/div><\/div><\/div><br \/>\n<section class=\"av_textblock_section \"  itemscope=\"itemscope\" itemtype=\"https:\/\/schema.org\/CreativeWork\" ><div class='avia_textblock  '   itemprop=\"text\" ><p><strong>Qu\u00e8 s\u00f3n les cookies?<\/strong><\/p>\n<p>Aquesta p\u00e0gina web\u00a0 utilitza cookies i altres arxius d&#8217;una funcionalitat similar. Les cookies s\u00f3n petits arxius de dades que s&#8217;envien a l&#8217;ordinador, el tel\u00e8fon m\u00f2bil o un altre dispositiu d&#8217;acc\u00e9s de l&#8217;usuari quan aquest visita una p\u00e0gina web i que permeten obtenir informaci\u00f3 relativa a la seva navegaci\u00f3 o un codi que permet identificar un\u00edvocament l&#8217;usuari.<\/p>\n<p><strong>Tipologia de cookies i finalitats d&#8217;\u00fas.<\/strong><\/p>\n<p>En navegar per aquest lloc web s&#8217;utilitzen cookies de sessi\u00f3 i cookies persistents que, a la seva vegada, poden ser cookies pr\u00f2pies o de tercers.<\/p>\n<p>Les cookies de sessi\u00f3 s\u00f3n cookies dissenyades per recollir i emmagatzemar dades mentre l&#8217;usuari accedeix a una p\u00e0gina web. Se solen emprar per emmagatzemar informaci\u00f3 que nom\u00e9s interessa conservar per a la prestaci\u00f3 del servei sol\u00b7licitat per l&#8217;usuari en una \u00fanica ocasi\u00f3.<\/p>\n<p>Les cookies persistents s\u00f3n un tipus de cookies en el qual les dades segueixen emmagatzemades al terminal i als quals hi pot accedir i tractar durant un per\u00edode definit el responsable de la cookie, i que pot estar compr\u00e8s entre uns minuts i diversos anys.<\/p>\n<p>Les cookies de tercers s\u00f3n administrades per prestadors de serveis d&#8217;an\u00e0lisi, de xarxes socials i de publicitat comportamental.<\/p>\n<p><strong>Desactivaci\u00f3 o eliminaci\u00f3 de les cookies.<\/strong><\/p>\n<p>La majoria de navegadors web permeten gestionar, en qualsevol moment, les prefer\u00e8ncies de l&#8217;usuari sobre l&#8217;\u00fas de les cookies. L&#8217;usuari pot ajustar el seu navegador perqu\u00e8 rebutgi cookies o elimini determinades cookies segons el seu criteri.<\/p>\n<\/div><\/section><\/p><\/div>\n","protected":false},"excerpt":{"rendered":"","protected":false},"author":1,"featured_media":0,"parent":0,"menu_order":0,"comment_status":"closed","ping_status":"open","template":"","meta":{"footnotes":""},"class_list":["post-558","page","type-page","status-publish","hentry"],"yoast_head":"<!-- This site is optimized with the Yoast SEO plugin v27.3 - https:\/\/yoast.com\/product\/yoast-seo-wordpress\/ -->\n<title>Pol\u00edtica de privacitat - Vinyas d&#039;empremta<\/title>\n<meta name=\"robots\" content=\"index, follow, max-snippet:-1, max-image-preview:large, max-video-preview:-1\" \/>\n<link rel=\"canonical\" href=\"https:\/\/www.vinyasdempremta.cat\/en\/politica-de-privacitat\/\" \/>\n<meta property=\"og:locale\" content=\"en_US\" \/>\n<meta property=\"og:type\" content=\"article\" \/>\n<meta property=\"og:title\" content=\"Pol\u00edtica de privacitat - Vinyas d&#039;empremta\" \/>\n<meta property=\"og:url\" content=\"https:\/\/www.vinyasdempremta.cat\/en\/politica-de-privacitat\/\" \/>\n<meta property=\"og:site_name\" content=\"Vinyas d&#039;empremta\" \/>\n<meta name=\"twitter:card\" content=\"summary_large_image\" \/>\n<meta name=\"twitter:label1\" content=\"Est. reading time\" \/>\n\t<meta name=\"twitter:data1\" content=\"2 minutes\" \/>\n<script type=\"application\/ld+json\" class=\"yoast-schema-graph\">{\"@context\":\"https:\\\/\\\/schema.org\",\"@graph\":[{\"@type\":\"WebPage\",\"@id\":\"https:\\\/\\\/www.vinyasdempremta.cat\\\/en\\\/politica-de-privacitat\\\/\",\"url\":\"https:\\\/\\\/www.vinyasdempremta.cat\\\/en\\\/politica-de-privacitat\\\/\",\"name\":\"Pol\u00edtica de privacitat - Vinyas d&#039;empremta\",\"isPartOf\":{\"@id\":\"https:\\\/\\\/www.vinyasdempremta.cat\\\/#website\"},\"datePublished\":\"2020-10-16T15:45:22+00:00\",\"breadcrumb\":{\"@id\":\"https:\\\/\\\/www.vinyasdempremta.cat\\\/en\\\/politica-de-privacitat\\\/#breadcrumb\"},\"inLanguage\":\"en-US\",\"potentialAction\":[{\"@type\":\"ReadAction\",\"target\":[\"https:\\\/\\\/www.vinyasdempremta.cat\\\/en\\\/politica-de-privacitat\\\/\"]}]},{\"@type\":\"BreadcrumbList\",\"@id\":\"https:\\\/\\\/www.vinyasdempremta.cat\\\/en\\\/politica-de-privacitat\\\/#breadcrumb\",\"itemListElement\":[{\"@type\":\"ListItem\",\"position\":1,\"name\":\"Inici\",\"item\":\"https:\\\/\\\/www.vinyasdempremta.cat\\\/en\\\/\"},{\"@type\":\"ListItem\",\"position\":2,\"name\":\"Pol\u00edtica de privacitat\"}]},{\"@type\":\"WebSite\",\"@id\":\"https:\\\/\\\/www.vinyasdempremta.cat\\\/#website\",\"url\":\"https:\\\/\\\/www.vinyasdempremta.cat\\\/\",\"name\":\"Vinyas d&#039;empremta\",\"description\":\"vins humils i sincers, testimonis del paisatge i de la hist\u00f2ria.\",\"potentialAction\":[{\"@type\":\"SearchAction\",\"target\":{\"@type\":\"EntryPoint\",\"urlTemplate\":\"https:\\\/\\\/www.vinyasdempremta.cat\\\/?s={search_term_string}\"},\"query-input\":{\"@type\":\"PropertyValueSpecification\",\"valueRequired\":true,\"valueName\":\"search_term_string\"}}],\"inLanguage\":\"en-US\"}]}<\/script>\n<!-- \/ Yoast SEO plugin. -->","yoast_head_json":{"title":"Pol\u00edtica de privacitat - Vinyas d&#039;empremta","robots":{"index":"index","follow":"follow","max-snippet":"max-snippet:-1","max-image-preview":"max-image-preview:large","max-video-preview":"max-video-preview:-1"},"canonical":"https:\/\/www.vinyasdempremta.cat\/en\/politica-de-privacitat\/","og_locale":"en_US","og_type":"article","og_title":"Pol\u00edtica de privacitat - Vinyas d&#039;empremta","og_url":"https:\/\/www.vinyasdempremta.cat\/en\/politica-de-privacitat\/","og_site_name":"Vinyas d&#039;empremta","twitter_card":"summary_large_image","twitter_misc":{"Est. reading time":"2 minutes"},"schema":{"@context":"https:\/\/schema.org","@graph":[{"@type":"WebPage","@id":"https:\/\/www.vinyasdempremta.cat\/en\/politica-de-privacitat\/","url":"https:\/\/www.vinyasdempremta.cat\/en\/politica-de-privacitat\/","name":"Pol\u00edtica de privacitat - Vinyas d&#039;empremta","isPartOf":{"@id":"https:\/\/www.vinyasdempremta.cat\/#website"},"datePublished":"2020-10-16T15:45:22+00:00","breadcrumb":{"@id":"https:\/\/www.vinyasdempremta.cat\/en\/politica-de-privacitat\/#breadcrumb"},"inLanguage":"en-US","potentialAction":[{"@type":"ReadAction","target":["https:\/\/www.vinyasdempremta.cat\/en\/politica-de-privacitat\/"]}]},{"@type":"BreadcrumbList","@id":"https:\/\/www.vinyasdempremta.cat\/en\/politica-de-privacitat\/#breadcrumb","itemListElement":[{"@type":"ListItem","position":1,"name":"Inici","item":"https:\/\/www.vinyasdempremta.cat\/en\/"},{"@type":"ListItem","position":2,"name":"Pol\u00edtica de privacitat"}]},{"@type":"WebSite","@id":"https:\/\/www.vinyasdempremta.cat\/#website","url":"https:\/\/www.vinyasdempremta.cat\/","name":"Vinyas d&#039;empremta","description":"vins humils i sincers, testimonis del paisatge i de la hist\u00f2ria.","potentialAction":[{"@type":"SearchAction","target":{"@type":"EntryPoint","urlTemplate":"https:\/\/www.vinyasdempremta.cat\/?s={search_term_string}"},"query-input":{"@type":"PropertyValueSpecification","valueRequired":true,"valueName":"search_term_string"}}],"inLanguage":"en-US"}]}},"_links":{"self":[{"href":"https:\/\/www.vinyasdempremta.cat\/en\/wp-json\/wp\/v2\/pages\/558","targetHints":{"allow":["GET"]}}],"collection":[{"href":"https:\/\/www.vinyasdempremta.cat\/en\/wp-json\/wp\/v2\/pages"}],"about":[{"href":"https:\/\/www.vinyasdempremta.cat\/en\/wp-json\/wp\/v2\/types\/page"}],"author":[{"embeddable":true,"href":"https:\/\/www.vinyasdempremta.cat\/en\/wp-json\/wp\/v2\/users\/1"}],"replies":[{"embeddable":true,"href":"https:\/\/www.vinyasdempremta.cat\/en\/wp-json\/wp\/v2\/comments?post=558"}],"version-history":[{"count":6,"href":"https:\/\/www.vinyasdempremta.cat\/en\/wp-json\/wp\/v2\/pages\/558\/revisions"}],"predecessor-version":[{"id":635,"href":"https:\/\/www.vinyasdempremta.cat\/en\/wp-json\/wp\/v2\/pages\/558\/revisions\/635"}],"wp:attachment":[{"href":"https:\/\/www.vinyasdempremta.cat\/en\/wp-json\/wp\/v2\/media?parent=558"}],"curies":[{"name":"wp","href":"https:\/\/api.w.org\/{rel}","templated":true}]}}