{"id":553,"date":"2020-10-16T15:45:44","date_gmt":"2020-10-16T15:45:44","guid":{"rendered":"http:\/\/www.vinyasdempremta.cat\/?page_id=553"},"modified":"2020-10-18T17:05:51","modified_gmt":"2020-10-18T17:05:51","slug":"the-cellar","status":"publish","type":"page","link":"https:\/\/www.vinyasdempremta.cat\/en\/the-cellar\/","title":{"rendered":"The cellar"},"content":{"rendered":"<div  style='padding-bottom:10px; ' class='av-special-heading av-special-heading-h1  blockquote modern-quote  avia-builder-el-0  el_before_av_hr  avia-builder-el-first  '><h1 class='av-special-heading-tag '  itemprop=\"headline\"  >THE CELLAR<\/h1><div class='special-heading-border'><div class='special-heading-inner-border' ><\/div><\/div><\/div>\n<div  style='height:40px' class='hr hr-invisible   avia-builder-el-1  el_after_av_heading  el_before_av_one_full '><span class='hr-inner ' ><span class='hr-inner-style'><\/span><\/span><\/div>\n<div class=\"flex_column av_one_full  flex_column_div av-zero-column-padding first  avia-builder-el-2  el_after_av_hr  el_before_av_one_full  \" style='border-radius:0px; '><p><div  style='padding-bottom:10px; font-size:30px;' class='av-special-heading av-special-heading-h3  blockquote modern-quote  avia-builder-el-3  el_before_av_textblock  avia-builder-el-first  av-inherit-size '><h3 class='av-special-heading-tag '  itemprop=\"headline\"  >Who are we?<\/h3><div class='special-heading-border'><div class='special-heading-inner-border' ><\/div><\/div><\/div><br \/>\n<section class=\"av_textblock_section \"  itemscope=\"itemscope\" itemtype=\"https:\/\/schema.org\/CreativeWork\" ><div class='avia_textblock  '   itemprop=\"text\" ><blockquote>\n<p><strong>Celler Vinyas d&#8217;Empremta<\/strong> is a family project, created spontaneously by Isidre and his two children, Gerard and Berta, and whose main objective is to identify and raise awareness of a territory through the vineyard and the wine.<\/p>\n<\/blockquote>\n<p>Isidre began his work on the vineyard two decades ago. After many years in competitive sports, Isidre was looking for a turning point to occupy his free time and started working among vines.<\/p>\n<p>In addition to hiking and photography, Isidre made the vineyard his new hobby. On the one hand, the weekend excursions make him a good connoisseur of the surrounding territory. On the other hand, the vineyard brings calm and peacefulness, satisfaction and connection with nature. Alone, he started to produce wines for its own consumption. Year after year, his dedication to the vineyard increased and, thanks to the collaboration of professionals and friends, he improved his technique in the vineyard and in the winery.<\/p>\n<\/div><\/section><br \/>\n<div   data-size='featured'  data-lightbox_size='large'  data-animation='slide'  data-conditional_play=''  data-ids='431,592,69'  data-video_counter='0'  data-autoplay='false'  data-bg_slider='false'  data-slide_height=''  data-handle='av_slideshow'  data-interval='5'  data-class=' avia-builder-el-5  el_after_av_textblock  avia-builder-el-last  '  data-el_id=''  data-css_id=''  data-scroll_down=''  data-control_layout='av-control-default'  data-custom_markup=''  data-perma_caption=''  data-autoplay_stopper=''  data-image_attachment=''  data-min_height='0px'  data-default-height='28.666666666667'  class='avia-slideshow avia-slideshow-1  av-control-default av-default-height-applied avia-slideshow-featured av_slideshow  avia-builder-el-5  el_after_av_textblock  avia-builder-el-last   avia-slide-slider '  itemprop=\"image\" itemscope=\"itemscope\" itemtype=\"https:\/\/schema.org\/ImageObject\" ><ul class='avia-slideshow-inner ' style='padding-bottom: 28.666666666667%;' ><li  class=' slide-1 ' ><div data-rel='slideshow-1' class='avia-slide-wrap '   ><img decoding=\"async\" class=\"wp-image-610\"  src=\"https:\/\/www.vinyasdempremta.cat\/wp-content\/uploads\/2020\/07\/bdgust16.1-1-1500x430.jpg\" width='1500' height='430' title='bdgust16.1' alt='L&#039;equip'  itemprop=\"thumbnailUrl\"   \/><\/div \">\"<\/li><li  class=' slide-2 ' ><div data-rel='slideshow-1' class='avia-slide-wrap '  title='Barraques de pedra seca sobre cups' ><img decoding=\"async\" class=\"wp-image-592\"  src=\"https:\/\/www.vinyasdempremta.cat\/wp-content\/uploads\/2020\/10\/verema-2020-1280x430.jpg\" width='1280' height='430' title='verema 2020' alt='L&#039;equip'  itemprop=\"thumbnailUrl\"   \/><\/div \">\"<\/li><li  class=' slide-3 ' ><div data-rel='slideshow-1' class='avia-slide-wrap '   ><img decoding=\"async\" class=\"wp-image-602\"  src=\"https:\/\/www.vinyasdempremta.cat\/wp-content\/uploads\/2016\/02\/el-celler-1310x430.jpg\" width='1310' height='430' title='el-celler' alt=''  itemprop=\"thumbnailUrl\"   \/><\/div \">\"<\/li><\/ul><div class='avia-slideshow-arrows avia-slideshow-controls'><a href='#prev' class='prev-slide' aria-hidden='true' data-av_icon='\ue87c' data-av_iconfont='entypo-fontello'>Previous<\/a><a href='#next' class='next-slide' aria-hidden='true' data-av_icon='\ue87d' data-av_iconfont='entypo-fontello'>Next<\/a><\/div><div class='avia-slideshow-dots avia-slideshow-controls'><a href='#1' class='goto-slide active' >1<\/a><a href='#2' class='goto-slide ' >2<\/a><a href='#3' class='goto-slide ' >3<\/a><\/div><\/div><\/p><\/div>\n<div class=\"flex_column av_one_full  flex_column_div av-zero-column-padding first  avia-builder-el-6  el_after_av_one_full  el_before_av_one_fourth  column-top-margin\" style='border-radius:0px; '><section class=\"av_textblock_section \"  itemscope=\"itemscope\" itemtype=\"https:\/\/schema.org\/CreativeWork\" ><div class='avia_textblock  '   itemprop=\"text\" ><p>Gerard, his eldest son, has been formed as a Technical Engineer but has vocational agricultural and farming skills. Gerard is passionate about the land in all its meanings. He lives and feels it like no other, he is entirely committed with nature.<\/p>\n<p>8 years ago, Gerard decided to make the vineyard his hobby too and since then he has spent most of his free time there. He has been trained in different areas of fieldwork (virtuous pruning, ecology and biodynamics) to be able to carry out his own ideas. Father and son began to share hours in the vineyard, experiences and excitement to start a project for the future, a long-distance race that they travel with passion and devotion.<\/p>\n<p>Their involvement goes far beyond wine production. They also work to preserve the local varieties of the area, to recuperate terraces and cultivated areas and to discover and maintain ancient wine heritage, such as stone cubes, plate presses and other centuries-old elements that make up a footprint and a landscape.<\/p>\n<p>The last vertex of the triangle is Berta. Berta obtained a Degree in Engineering of Construction, but just after her Degree she began to let a hand to the family and then felt that the world of wine is also for her. Then, she decided to train properly and got the Certificate in Viticulture offered by the School of Oenology and Viticulture Merc\u00e8 Rossel i Dom\u00e8nech In Espiells, El Pened\u00e8s. Berta brings the necessary theoretical knowledge and experience to the winery, as she has collaborated with other renowned wineries<\/p>\n<\/div><\/section><\/div>\n<div class=\"flex_column av_one_fourth  flex_column_div av-zero-column-padding first  avia-builder-el-8  el_after_av_one_full  el_before_av_one_fourth  column-top-margin\" style='border-radius:0px; '><div  class='avia-image-container  av-styling-    avia-builder-el-9  avia-builder-el-no-sibling  avia-align-center '  itemprop=\"image\" itemscope=\"itemscope\" itemtype=\"https:\/\/schema.org\/ImageObject\"  ><div class='avia-image-container-inner'><div class='avia-image-overlay-wrap'><a href='https:\/\/www.vinyasdempremta.cat\/wp-content\/uploads\/2020\/07\/IMG_5531-1-1030x687.jpg' class='avia_image'  ><img loading=\"lazy\" decoding=\"async\" width=\"845\" height=\"684\" class='wp-image-612 avia_image' src=\"https:\/\/www.vinyasdempremta.cat\/wp-content\/uploads\/2020\/07\/IMG_5531-1-845x684.jpg\" alt='Barraques' title='IMG_5531'  itemprop=\"thumbnailUrl\" srcset=\"https:\/\/www.vinyasdempremta.cat\/wp-content\/uploads\/2020\/07\/IMG_5531-1-845x684.jpg 845w, https:\/\/www.vinyasdempremta.cat\/wp-content\/uploads\/2020\/07\/IMG_5531-1-495x400.jpg 495w\" sizes=\"auto, (max-width: 845px) 100vw, 845px\" \/><\/a><\/div><\/div><\/div><\/div>\n<div class=\"flex_column av_one_fourth  flex_column_div av-zero-column-padding   avia-builder-el-10  el_after_av_one_fourth  el_before_av_one_fourth  column-top-margin\" style='border-radius:0px; '><div  class='avia-image-container  av-styling-    avia-builder-el-11  avia-builder-el-no-sibling  avia-align-center '  itemprop=\"image\" itemscope=\"itemscope\" itemtype=\"https:\/\/schema.org\/ImageObject\"  ><div class='avia-image-container-inner'><div class='avia-image-overlay-wrap'><a href='https:\/\/www.vinyasdempremta.cat\/wp-content\/uploads\/2020\/07\/celler-1-1030x713.jpg' class='avia_image'  ><img loading=\"lazy\" decoding=\"async\" width=\"495\" height=\"400\" class='wp-image-611 avia_image' src=\"https:\/\/www.vinyasdempremta.cat\/wp-content\/uploads\/2020\/07\/celler-1-495x400.jpg\" alt='El celler' title='celler'  itemprop=\"thumbnailUrl\"  \/><\/a><\/div><\/div><\/div><\/div>\n<div class=\"flex_column av_one_fourth  flex_column_div av-zero-column-padding   avia-builder-el-12  el_after_av_one_fourth  el_before_av_one_fourth  column-top-margin\" style='border-radius:0px; '><div  class='avia-image-container  av-styling-    avia-builder-el-13  avia-builder-el-no-sibling  avia-align-center '  itemprop=\"image\" itemscope=\"itemscope\" itemtype=\"https:\/\/schema.org\/ImageObject\"  ><div class='avia-image-container-inner'><div class='avia-image-overlay-wrap'><a href='https:\/\/www.vinyasdempremta.cat\/wp-content\/uploads\/2016\/02\/celler-vinyas-empremta-2-1030x687.jpg' class='avia_image'  ><img loading=\"lazy\" decoding=\"async\" width=\"495\" height=\"400\" class='wp-image-604 avia_image' src=\"https:\/\/www.vinyasdempremta.cat\/wp-content\/uploads\/2016\/02\/celler-vinyas-empremta-2-495x400.jpg\" alt='' title='celler-vinyas-empremta'  itemprop=\"thumbnailUrl\" srcset=\"https:\/\/www.vinyasdempremta.cat\/wp-content\/uploads\/2016\/02\/celler-vinyas-empremta-2-495x400.jpg 495w, https:\/\/www.vinyasdempremta.cat\/wp-content\/uploads\/2016\/02\/celler-vinyas-empremta-2-845x684.jpg 845w\" sizes=\"auto, (max-width: 495px) 100vw, 495px\" \/><\/a><\/div><\/div><\/div><\/div>\n<div class=\"flex_column av_one_fourth  flex_column_div av-zero-column-padding   avia-builder-el-14  el_after_av_one_fourth  el_before_av_one_full  column-top-margin\" style='border-radius:0px; '><div  class='avia-image-container  av-styling-    avia-builder-el-15  avia-builder-el-no-sibling  avia-align-center '  itemprop=\"image\" itemscope=\"itemscope\" itemtype=\"https:\/\/schema.org\/ImageObject\"  ><div class='avia-image-container-inner'><div class='avia-image-overlay-wrap'><a href='https:\/\/www.vinyasdempremta.cat\/wp-content\/uploads\/2020\/07\/thumbnail_IMG_5534-e1599482606167.jpg' class='avia_image'  ><img loading=\"lazy\" decoding=\"async\" width=\"495\" height=\"400\" class='wp-image-613 avia_image' src=\"https:\/\/www.vinyasdempremta.cat\/wp-content\/uploads\/2020\/07\/thumbnail_IMG_5534-495x400.jpg\" alt='El celler' title='thumbnail_IMG_5534'  itemprop=\"thumbnailUrl\"  \/><\/a><\/div><\/div><\/div><\/div>\n<div class=\"flex_column av_one_full  flex_column_div av-zero-column-padding first  avia-builder-el-16  el_after_av_one_fourth  el_before_av_one_fourth  column-top-margin\" style='border-radius:0px; '><p><div  style='padding-bottom:10px; font-size:30px;' class='av-special-heading av-special-heading-h3  blockquote modern-quote  avia-builder-el-17  el_before_av_textblock  avia-builder-el-first  av-inherit-size '><h3 class='av-special-heading-tag '  itemprop=\"headline\"  >Philosophy<\/h3><div class='special-heading-border'><div class='special-heading-inner-border' ><\/div><\/div><\/div><br \/>\n<section class=\"av_textblock_section \"  itemscope=\"itemscope\" itemtype=\"https:\/\/schema.org\/CreativeWork\" ><div class='avia_textblock  '   itemprop=\"text\" ><p><strong>We love and respect nature.<\/strong><\/p>\n<p>To cultivate the vineyard, we follow a strict sustainable process. We look for harmony between the vineyard and the environment and do not use abrasive products on the land. We work in a natural and balanced way to protect the biodiversity of the soil, plants and all the animals that live there.<\/p>\n<p>The work we do in the winery is directly identified with what we do on the vineyard. We firmly believe that the best wine comes from the best grapes, so when it comes to making, we interpret and apply the &#8220;let go&#8221; thus keeping the essence of the product.<\/p>\n<p>That is why we want our wines to reflect this philosophy in the best possible way.<\/p>\n<\/div><\/section><\/p><\/div>\n<div class=\"flex_column av_one_fourth  flex_column_div av-zero-column-padding first  avia-builder-el-19  el_after_av_one_full  el_before_av_one_fourth  column-top-margin\" style='border-radius:0px; '><div  class='avia-image-container  av-styling-    avia-builder-el-20  avia-builder-el-no-sibling  avia-align-center '  itemprop=\"image\" itemscope=\"itemscope\" itemtype=\"https:\/\/schema.org\/ImageObject\"  ><div class='avia-image-container-inner'><div class='avia-image-overlay-wrap'><a href='https:\/\/www.vinyasdempremta.cat\/wp-content\/uploads\/2016\/02\/planso-1030x687.jpg' class='avia_image'  ><img loading=\"lazy\" decoding=\"async\" width=\"300\" height=\"200\" class='wp-image-607 avia_image' src=\"https:\/\/www.vinyasdempremta.cat\/wp-content\/uploads\/2016\/02\/planso-300x200.jpg\" alt='' title='Plan\u00e7\u00f3'  itemprop=\"thumbnailUrl\" srcset=\"https:\/\/www.vinyasdempremta.cat\/wp-content\/uploads\/2016\/02\/planso-300x200.jpg 300w, https:\/\/www.vinyasdempremta.cat\/wp-content\/uploads\/2016\/02\/planso-768x512.jpg 768w, https:\/\/www.vinyasdempremta.cat\/wp-content\/uploads\/2016\/02\/planso-1030x687.jpg 1030w, https:\/\/www.vinyasdempremta.cat\/wp-content\/uploads\/2016\/02\/planso-705x470.jpg 705w, https:\/\/www.vinyasdempremta.cat\/wp-content\/uploads\/2016\/02\/planso-450x300.jpg 450w, https:\/\/www.vinyasdempremta.cat\/wp-content\/uploads\/2016\/02\/planso.jpg 1300w\" sizes=\"auto, (max-width: 300px) 100vw, 300px\" \/><\/a><\/div><\/div><\/div><\/div>\n<div class=\"flex_column av_one_fourth  flex_column_div av-zero-column-padding   avia-builder-el-21  el_after_av_one_fourth  el_before_av_one_fourth  column-top-margin\" style='border-radius:0px; '><div  class='avia-image-container  av-styling-    avia-builder-el-22  avia-builder-el-no-sibling  avia-align-center '  itemprop=\"image\" itemscope=\"itemscope\" itemtype=\"https:\/\/schema.org\/ImageObject\"  ><div class='avia-image-container-inner'><div class='avia-image-overlay-wrap'><a href='https:\/\/www.vinyasdempremta.cat\/wp-content\/uploads\/2016\/02\/pit-roig-1030x687.jpg' class='avia_image'  ><img loading=\"lazy\" decoding=\"async\" width=\"300\" height=\"200\" class='wp-image-606 avia_image' src=\"https:\/\/www.vinyasdempremta.cat\/wp-content\/uploads\/2016\/02\/pit-roig-300x200.jpg\" alt='' title='Pit-Roig'  itemprop=\"thumbnailUrl\" srcset=\"https:\/\/www.vinyasdempremta.cat\/wp-content\/uploads\/2016\/02\/pit-roig-300x200.jpg 300w, https:\/\/www.vinyasdempremta.cat\/wp-content\/uploads\/2016\/02\/pit-roig-768x512.jpg 768w, https:\/\/www.vinyasdempremta.cat\/wp-content\/uploads\/2016\/02\/pit-roig-1030x687.jpg 1030w, https:\/\/www.vinyasdempremta.cat\/wp-content\/uploads\/2016\/02\/pit-roig-705x470.jpg 705w, https:\/\/www.vinyasdempremta.cat\/wp-content\/uploads\/2016\/02\/pit-roig-450x300.jpg 450w, https:\/\/www.vinyasdempremta.cat\/wp-content\/uploads\/2016\/02\/pit-roig.jpg 1300w\" sizes=\"auto, (max-width: 300px) 100vw, 300px\" \/><\/a><\/div><\/div><\/div><\/div>\n<div class=\"flex_column av_one_fourth  flex_column_div av-zero-column-padding   avia-builder-el-23  el_after_av_one_fourth  el_before_av_one_fourth  column-top-margin\" style='border-radius:0px; '><div  class='avia-image-container  av-styling-    avia-builder-el-24  avia-builder-el-no-sibling  avia-align-center '  itemprop=\"image\" itemscope=\"itemscope\" itemtype=\"https:\/\/schema.org\/ImageObject\"  ><div class='avia-image-container-inner'><div class='avia-image-overlay-wrap'><a href='https:\/\/www.vinyasdempremta.cat\/wp-content\/uploads\/2016\/02\/Bresca-1030x686.jpg' class='avia_image'  ><img loading=\"lazy\" decoding=\"async\" width=\"300\" height=\"200\" class='wp-image-89 avia_image' src=\"https:\/\/www.vinyasdempremta.cat\/wp-content\/uploads\/2016\/02\/Bresca-300x200.jpg\" alt='' title='Bresca'  itemprop=\"thumbnailUrl\" srcset=\"https:\/\/www.vinyasdempremta.cat\/wp-content\/uploads\/2016\/02\/Bresca-300x200.jpg 300w, https:\/\/www.vinyasdempremta.cat\/wp-content\/uploads\/2016\/02\/Bresca-768x512.jpg 768w, https:\/\/www.vinyasdempremta.cat\/wp-content\/uploads\/2016\/02\/Bresca-1030x686.jpg 1030w, https:\/\/www.vinyasdempremta.cat\/wp-content\/uploads\/2016\/02\/Bresca-705x470.jpg 705w, https:\/\/www.vinyasdempremta.cat\/wp-content\/uploads\/2016\/02\/Bresca-450x300.jpg 450w, https:\/\/www.vinyasdempremta.cat\/wp-content\/uploads\/2016\/02\/Bresca.jpg 1310w\" sizes=\"auto, (max-width: 300px) 100vw, 300px\" \/><\/a><\/div><\/div><\/div><\/div>\n<div class=\"flex_column av_one_fourth  flex_column_div av-zero-column-padding   avia-builder-el-25  el_after_av_one_fourth  avia-builder-el-last  column-top-margin\" style='border-radius:0px; '><div  class='avia-image-container  av-styling-    avia-builder-el-26  avia-builder-el-no-sibling  avia-align-center '  itemprop=\"image\" itemscope=\"itemscope\" itemtype=\"https:\/\/schema.org\/ImageObject\"  ><div class='avia-image-container-inner'><div class='avia-image-overlay-wrap'><a href='https:\/\/www.vinyasdempremta.cat\/wp-content\/uploads\/2016\/02\/dent-de-lleo-1030x687.jpg' class='avia_image'  ><img loading=\"lazy\" decoding=\"async\" width=\"300\" height=\"200\" class='wp-image-605 avia_image' src=\"https:\/\/www.vinyasdempremta.cat\/wp-content\/uploads\/2016\/02\/dent-de-lleo-300x200.jpg\" alt='' title='Dent de lle\u00f3'  itemprop=\"thumbnailUrl\" srcset=\"https:\/\/www.vinyasdempremta.cat\/wp-content\/uploads\/2016\/02\/dent-de-lleo-300x200.jpg 300w, https:\/\/www.vinyasdempremta.cat\/wp-content\/uploads\/2016\/02\/dent-de-lleo-768x512.jpg 768w, https:\/\/www.vinyasdempremta.cat\/wp-content\/uploads\/2016\/02\/dent-de-lleo-1030x687.jpg 1030w, https:\/\/www.vinyasdempremta.cat\/wp-content\/uploads\/2016\/02\/dent-de-lleo-705x470.jpg 705w, https:\/\/www.vinyasdempremta.cat\/wp-content\/uploads\/2016\/02\/dent-de-lleo-450x300.jpg 450w, https:\/\/www.vinyasdempremta.cat\/wp-content\/uploads\/2016\/02\/dent-de-lleo.jpg 1300w\" sizes=\"auto, (max-width: 300px) 100vw, 300px\" \/><\/a><\/div><\/div><\/div><\/div>\n","protected":false},"excerpt":{"rendered":"","protected":false},"author":1,"featured_media":0,"parent":0,"menu_order":0,"comment_status":"closed","ping_status":"closed","template":"","meta":{"footnotes":""},"class_list":["post-553","page","type-page","status-publish","hentry"],"yoast_head":"<!-- This site is optimized with the Yoast SEO plugin v27.3 - https:\/\/yoast.com\/product\/yoast-seo-wordpress\/ -->\n<title>The cellar - Vinyas d&#039;empremta<\/title>\n<meta name=\"robots\" content=\"index, follow, max-snippet:-1, max-image-preview:large, max-video-preview:-1\" \/>\n<link rel=\"canonical\" href=\"https:\/\/www.vinyasdempremta.cat\/en\/the-cellar\/\" \/>\n<meta property=\"og:locale\" content=\"en_US\" \/>\n<meta property=\"og:type\" content=\"article\" \/>\n<meta property=\"og:title\" content=\"The cellar - Vinyas d&#039;empremta\" \/>\n<meta property=\"og:url\" content=\"https:\/\/www.vinyasdempremta.cat\/en\/the-cellar\/\" \/>\n<meta property=\"og:site_name\" content=\"Vinyas d&#039;empremta\" \/>\n<meta property=\"article:modified_time\" content=\"2020-10-18T17:05:51+00:00\" \/>\n<meta name=\"twitter:card\" content=\"summary_large_image\" \/>\n<meta name=\"twitter:label1\" content=\"Est. reading time\" \/>\n\t<meta name=\"twitter:data1\" content=\"11 minutes\" \/>\n<script type=\"application\/ld+json\" class=\"yoast-schema-graph\">{\"@context\":\"https:\\\/\\\/schema.org\",\"@graph\":[{\"@type\":\"WebPage\",\"@id\":\"https:\\\/\\\/www.vinyasdempremta.cat\\\/en\\\/the-cellar\\\/\",\"url\":\"https:\\\/\\\/www.vinyasdempremta.cat\\\/en\\\/the-cellar\\\/\",\"name\":\"The cellar - Vinyas d&#039;empremta\",\"isPartOf\":{\"@id\":\"https:\\\/\\\/www.vinyasdempremta.cat\\\/#website\"},\"datePublished\":\"2020-10-16T15:45:44+00:00\",\"dateModified\":\"2020-10-18T17:05:51+00:00\",\"breadcrumb\":{\"@id\":\"https:\\\/\\\/www.vinyasdempremta.cat\\\/en\\\/the-cellar\\\/#breadcrumb\"},\"inLanguage\":\"en-US\",\"potentialAction\":[{\"@type\":\"ReadAction\",\"target\":[\"https:\\\/\\\/www.vinyasdempremta.cat\\\/en\\\/the-cellar\\\/\"]}]},{\"@type\":\"BreadcrumbList\",\"@id\":\"https:\\\/\\\/www.vinyasdempremta.cat\\\/en\\\/the-cellar\\\/#breadcrumb\",\"itemListElement\":[{\"@type\":\"ListItem\",\"position\":1,\"name\":\"Inici\",\"item\":\"https:\\\/\\\/www.vinyasdempremta.cat\\\/en\\\/\"},{\"@type\":\"ListItem\",\"position\":2,\"name\":\"The cellar\"}]},{\"@type\":\"WebSite\",\"@id\":\"https:\\\/\\\/www.vinyasdempremta.cat\\\/#website\",\"url\":\"https:\\\/\\\/www.vinyasdempremta.cat\\\/\",\"name\":\"Vinyas d&#039;empremta\",\"description\":\"vins humils i sincers, testimonis del paisatge i de la hist\u00f2ria.\",\"potentialAction\":[{\"@type\":\"SearchAction\",\"target\":{\"@type\":\"EntryPoint\",\"urlTemplate\":\"https:\\\/\\\/www.vinyasdempremta.cat\\\/?s={search_term_string}\"},\"query-input\":{\"@type\":\"PropertyValueSpecification\",\"valueRequired\":true,\"valueName\":\"search_term_string\"}}],\"inLanguage\":\"en-US\"}]}<\/script>\n<!-- \/ Yoast SEO plugin. -->","yoast_head_json":{"title":"The cellar - Vinyas d&#039;empremta","robots":{"index":"index","follow":"follow","max-snippet":"max-snippet:-1","max-image-preview":"max-image-preview:large","max-video-preview":"max-video-preview:-1"},"canonical":"https:\/\/www.vinyasdempremta.cat\/en\/the-cellar\/","og_locale":"en_US","og_type":"article","og_title":"The cellar - Vinyas d&#039;empremta","og_url":"https:\/\/www.vinyasdempremta.cat\/en\/the-cellar\/","og_site_name":"Vinyas d&#039;empremta","article_modified_time":"2020-10-18T17:05:51+00:00","twitter_card":"summary_large_image","twitter_misc":{"Est. reading time":"11 minutes"},"schema":{"@context":"https:\/\/schema.org","@graph":[{"@type":"WebPage","@id":"https:\/\/www.vinyasdempremta.cat\/en\/the-cellar\/","url":"https:\/\/www.vinyasdempremta.cat\/en\/the-cellar\/","name":"The cellar - Vinyas d&#039;empremta","isPartOf":{"@id":"https:\/\/www.vinyasdempremta.cat\/#website"},"datePublished":"2020-10-16T15:45:44+00:00","dateModified":"2020-10-18T17:05:51+00:00","breadcrumb":{"@id":"https:\/\/www.vinyasdempremta.cat\/en\/the-cellar\/#breadcrumb"},"inLanguage":"en-US","potentialAction":[{"@type":"ReadAction","target":["https:\/\/www.vinyasdempremta.cat\/en\/the-cellar\/"]}]},{"@type":"BreadcrumbList","@id":"https:\/\/www.vinyasdempremta.cat\/en\/the-cellar\/#breadcrumb","itemListElement":[{"@type":"ListItem","position":1,"name":"Inici","item":"https:\/\/www.vinyasdempremta.cat\/en\/"},{"@type":"ListItem","position":2,"name":"The cellar"}]},{"@type":"WebSite","@id":"https:\/\/www.vinyasdempremta.cat\/#website","url":"https:\/\/www.vinyasdempremta.cat\/","name":"Vinyas d&#039;empremta","description":"vins humils i sincers, testimonis del paisatge i de la hist\u00f2ria.","potentialAction":[{"@type":"SearchAction","target":{"@type":"EntryPoint","urlTemplate":"https:\/\/www.vinyasdempremta.cat\/?s={search_term_string}"},"query-input":{"@type":"PropertyValueSpecification","valueRequired":true,"valueName":"search_term_string"}}],"inLanguage":"en-US"}]}},"_links":{"self":[{"href":"https:\/\/www.vinyasdempremta.cat\/en\/wp-json\/wp\/v2\/pages\/553","targetHints":{"allow":["GET"]}}],"collection":[{"href":"https:\/\/www.vinyasdempremta.cat\/en\/wp-json\/wp\/v2\/pages"}],"about":[{"href":"https:\/\/www.vinyasdempremta.cat\/en\/wp-json\/wp\/v2\/types\/page"}],"author":[{"embeddable":true,"href":"https:\/\/www.vinyasdempremta.cat\/en\/wp-json\/wp\/v2\/users\/1"}],"replies":[{"embeddable":true,"href":"https:\/\/www.vinyasdempremta.cat\/en\/wp-json\/wp\/v2\/comments?post=553"}],"version-history":[{"count":5,"href":"https:\/\/www.vinyasdempremta.cat\/en\/wp-json\/wp\/v2\/pages\/553\/revisions"}],"predecessor-version":[{"id":628,"href":"https:\/\/www.vinyasdempremta.cat\/en\/wp-json\/wp\/v2\/pages\/553\/revisions\/628"}],"wp:attachment":[{"href":"https:\/\/www.vinyasdempremta.cat\/en\/wp-json\/wp\/v2\/media?parent=553"}],"curies":[{"name":"wp","href":"https:\/\/api.w.org\/{rel}","templated":true}]}}