{"id":552,"date":"2020-10-16T15:45:47","date_gmt":"2020-10-16T15:45:47","guid":{"rendered":"http:\/\/www.vinyasdempremta.cat\/?page_id=552"},"modified":"2020-11-18T07:25:43","modified_gmt":"2020-11-18T07:25:43","slug":"contact","status":"publish","type":"page","link":"https:\/\/www.vinyasdempremta.cat\/en\/contact\/","title":{"rendered":"Contact"},"content":{"rendered":"<div  style='padding-bottom:10px; ' class='av-special-heading av-special-heading-h1  blockquote modern-quote  avia-builder-el-0  el_before_av_one_full  avia-builder-el-first  '><h1 class='av-special-heading-tag '  itemprop=\"headline\"  >CONTACT<\/h1><div class='special-heading-border'><div class='special-heading-inner-border' ><\/div><\/div><\/div>\n<div class=\"flex_column av_one_full  flex_column_div av-zero-column-padding first  avia-builder-el-1  el_after_av_heading  el_before_av_one_full  \" style='border-radius:0px; '><section class=\"av_textblock_section \"  itemscope=\"itemscope\" itemtype=\"https:\/\/schema.org\/CreativeWork\" ><div class='avia_textblock  '   itemprop=\"text\" ><h3 style=\"text-align: center;\"><span style=\"color: #ced96b;\"><strong>Celler Vinyas d\u2019Empremta<\/strong><\/span><\/h3>\n<p style=\"text-align: center;\">C\/ Sta. Teresina del Nen Jes\u00fas, n\u00fam. 54<br \/>\n08670 Nav\u00e0s, Barcelona<\/p>\n<p style=\"text-align: center;\">Tel. Gerard: (0034) 660 585 121<br \/>\nTel. Isidre: (0034) 647 658 713<\/p>\n<p style=\"text-align: center;\"><a href=\"mailto:vinyas@vinyasdempremta.cat\">vinyas@vinyasdempremta.cat<\/a><\/p>\n<\/div><\/section><\/div>\n<div class=\"flex_column av_one_full  flex_column_div av-zero-column-padding first  avia-builder-el-3  el_after_av_one_full  el_before_av_google_map  avia-builder-el-last  column-top-margin\" style='border-radius:0px; '><p><span  class=\"av_font_icon avia_animate_when_visible avia-icon-animate  av-icon-style-  av-no-color avia-icon-pos-left \" style=\"\"><a href='http:\/\/www.facebook.com' target=\"_blank\" class='av-icon-char' style='font-size:40px;line-height:40px;' aria-hidden='true' data-av_icon='\ue8f3' data-av_iconfont='entypo-fontello' rel=\"noopener\"><\/a><\/span><br \/>\n<span  class=\"av_font_icon avia_animate_when_visible avia-icon-animate  av-icon-style-  av-no-color avia-icon-pos-left \" style=\"\"><a href='https:\/\/www.instagram.com\/vinyasdempremta\/' target=\"_blank\" class='av-icon-char' style='font-size:40px;line-height:40px;' aria-hidden='true' data-av_icon='\ue909' data-av_iconfont='entypo-fontello' rel=\"noopener\"><\/a><\/span><\/p><\/div>\n<div  class='av_gmaps_sc_main_wrap av_gmaps_main_wrap '><div id='av_gmap_0' class='avia-google-map-container avia-google-map-sc av_gmaps_show_unconditionally av-no-fallback-img ' data-mapid='av_gmap_0'  style='height: 400px;'><a class=\"av_gmaps_browser_disabled av_text_confirm_link av_text_confirm_link_visible\" href=\"https:\/\/www.google.com\/maps\/search\/?api=1&#038;query=calle%20santa%20teresina%20del%20nen%20jes\u00fas%2054%20%20Nav\u00e0s%20%20Espa\u00f1a\" target=\"_blank\" rel=\"noopener\">Maps were disabled by the visitor on this site. Click to open the map in a new window.<\/a><\/div><\/div>\n","protected":false},"excerpt":{"rendered":"","protected":false},"author":1,"featured_media":0,"parent":0,"menu_order":0,"comment_status":"closed","ping_status":"open","template":"","meta":{"footnotes":""},"class_list":["post-552","page","type-page","status-publish","hentry"],"yoast_head":"<!-- This site is optimized with the Yoast SEO plugin v27.3 - https:\/\/yoast.com\/product\/yoast-seo-wordpress\/ -->\n<title>Contact - Vinyas d&#039;empremta<\/title>\n<meta name=\"robots\" content=\"index, follow, max-snippet:-1, max-image-preview:large, max-video-preview:-1\" \/>\n<link rel=\"canonical\" href=\"https:\/\/www.vinyasdempremta.cat\/en\/contact\/\" \/>\n<meta property=\"og:locale\" content=\"en_US\" \/>\n<meta property=\"og:type\" content=\"article\" \/>\n<meta property=\"og:title\" content=\"Contact - Vinyas d&#039;empremta\" \/>\n<meta property=\"og:url\" content=\"https:\/\/www.vinyasdempremta.cat\/en\/contact\/\" \/>\n<meta property=\"og:site_name\" content=\"Vinyas d&#039;empremta\" \/>\n<meta property=\"article:modified_time\" content=\"2020-11-18T07:25:43+00:00\" \/>\n<meta name=\"twitter:card\" content=\"summary_large_image\" \/>\n<meta name=\"twitter:label1\" content=\"Est. reading time\" \/>\n\t<meta name=\"twitter:data1\" content=\"2 minutes\" \/>\n<script type=\"application\/ld+json\" class=\"yoast-schema-graph\">{\"@context\":\"https:\\\/\\\/schema.org\",\"@graph\":[{\"@type\":\"WebPage\",\"@id\":\"https:\\\/\\\/www.vinyasdempremta.cat\\\/en\\\/contact\\\/\",\"url\":\"https:\\\/\\\/www.vinyasdempremta.cat\\\/en\\\/contact\\\/\",\"name\":\"Contact - Vinyas d&#039;empremta\",\"isPartOf\":{\"@id\":\"https:\\\/\\\/www.vinyasdempremta.cat\\\/#website\"},\"datePublished\":\"2020-10-16T15:45:47+00:00\",\"dateModified\":\"2020-11-18T07:25:43+00:00\",\"breadcrumb\":{\"@id\":\"https:\\\/\\\/www.vinyasdempremta.cat\\\/en\\\/contact\\\/#breadcrumb\"},\"inLanguage\":\"en-US\",\"potentialAction\":[{\"@type\":\"ReadAction\",\"target\":[\"https:\\\/\\\/www.vinyasdempremta.cat\\\/en\\\/contact\\\/\"]}]},{\"@type\":\"BreadcrumbList\",\"@id\":\"https:\\\/\\\/www.vinyasdempremta.cat\\\/en\\\/contact\\\/#breadcrumb\",\"itemListElement\":[{\"@type\":\"ListItem\",\"position\":1,\"name\":\"Inici\",\"item\":\"https:\\\/\\\/www.vinyasdempremta.cat\\\/en\\\/\"},{\"@type\":\"ListItem\",\"position\":2,\"name\":\"Contact\"}]},{\"@type\":\"WebSite\",\"@id\":\"https:\\\/\\\/www.vinyasdempremta.cat\\\/#website\",\"url\":\"https:\\\/\\\/www.vinyasdempremta.cat\\\/\",\"name\":\"Vinyas d&#039;empremta\",\"description\":\"vins humils i sincers, testimonis del paisatge i de la hist\u00f2ria.\",\"potentialAction\":[{\"@type\":\"SearchAction\",\"target\":{\"@type\":\"EntryPoint\",\"urlTemplate\":\"https:\\\/\\\/www.vinyasdempremta.cat\\\/?s={search_term_string}\"},\"query-input\":{\"@type\":\"PropertyValueSpecification\",\"valueRequired\":true,\"valueName\":\"search_term_string\"}}],\"inLanguage\":\"en-US\"}]}<\/script>\n<!-- \/ Yoast SEO plugin. -->","yoast_head_json":{"title":"Contact - Vinyas d&#039;empremta","robots":{"index":"index","follow":"follow","max-snippet":"max-snippet:-1","max-image-preview":"max-image-preview:large","max-video-preview":"max-video-preview:-1"},"canonical":"https:\/\/www.vinyasdempremta.cat\/en\/contact\/","og_locale":"en_US","og_type":"article","og_title":"Contact - Vinyas d&#039;empremta","og_url":"https:\/\/www.vinyasdempremta.cat\/en\/contact\/","og_site_name":"Vinyas d&#039;empremta","article_modified_time":"2020-11-18T07:25:43+00:00","twitter_card":"summary_large_image","twitter_misc":{"Est. reading time":"2 minutes"},"schema":{"@context":"https:\/\/schema.org","@graph":[{"@type":"WebPage","@id":"https:\/\/www.vinyasdempremta.cat\/en\/contact\/","url":"https:\/\/www.vinyasdempremta.cat\/en\/contact\/","name":"Contact - Vinyas d&#039;empremta","isPartOf":{"@id":"https:\/\/www.vinyasdempremta.cat\/#website"},"datePublished":"2020-10-16T15:45:47+00:00","dateModified":"2020-11-18T07:25:43+00:00","breadcrumb":{"@id":"https:\/\/www.vinyasdempremta.cat\/en\/contact\/#breadcrumb"},"inLanguage":"en-US","potentialAction":[{"@type":"ReadAction","target":["https:\/\/www.vinyasdempremta.cat\/en\/contact\/"]}]},{"@type":"BreadcrumbList","@id":"https:\/\/www.vinyasdempremta.cat\/en\/contact\/#breadcrumb","itemListElement":[{"@type":"ListItem","position":1,"name":"Inici","item":"https:\/\/www.vinyasdempremta.cat\/en\/"},{"@type":"ListItem","position":2,"name":"Contact"}]},{"@type":"WebSite","@id":"https:\/\/www.vinyasdempremta.cat\/#website","url":"https:\/\/www.vinyasdempremta.cat\/","name":"Vinyas d&#039;empremta","description":"vins humils i sincers, testimonis del paisatge i de la hist\u00f2ria.","potentialAction":[{"@type":"SearchAction","target":{"@type":"EntryPoint","urlTemplate":"https:\/\/www.vinyasdempremta.cat\/?s={search_term_string}"},"query-input":{"@type":"PropertyValueSpecification","valueRequired":true,"valueName":"search_term_string"}}],"inLanguage":"en-US"}]}},"_links":{"self":[{"href":"https:\/\/www.vinyasdempremta.cat\/en\/wp-json\/wp\/v2\/pages\/552","targetHints":{"allow":["GET"]}}],"collection":[{"href":"https:\/\/www.vinyasdempremta.cat\/en\/wp-json\/wp\/v2\/pages"}],"about":[{"href":"https:\/\/www.vinyasdempremta.cat\/en\/wp-json\/wp\/v2\/types\/page"}],"author":[{"embeddable":true,"href":"https:\/\/www.vinyasdempremta.cat\/en\/wp-json\/wp\/v2\/users\/1"}],"replies":[{"embeddable":true,"href":"https:\/\/www.vinyasdempremta.cat\/en\/wp-json\/wp\/v2\/comments?post=552"}],"version-history":[{"count":7,"href":"https:\/\/www.vinyasdempremta.cat\/en\/wp-json\/wp\/v2\/pages\/552\/revisions"}],"predecessor-version":[{"id":654,"href":"https:\/\/www.vinyasdempremta.cat\/en\/wp-json\/wp\/v2\/pages\/552\/revisions\/654"}],"wp:attachment":[{"href":"https:\/\/www.vinyasdempremta.cat\/en\/wp-json\/wp\/v2\/media?parent=552"}],"curies":[{"name":"wp","href":"https:\/\/api.w.org\/{rel}","templated":true}]}}